{"id":2471,"date":"2023-10-28T14:20:11","date_gmt":"2023-10-28T14:20:11","guid":{"rendered":"https:\/\/casaroure.com\/politica-de-cookies\/"},"modified":"2023-10-28T14:20:11","modified_gmt":"2023-10-28T14:20:11","slug":"politica-de-cookies","status":"publish","type":"page","link":"https:\/\/casaroure.com\/ca\/politica-de-cookies\/","title":{"rendered":"Pol\u00edtica de cookies"},"content":{"rendered":"\n<p><strong>Pol\u00edtica de cookies<\/strong><\/p>\n\n\n\n<p><em>Actualitzada<\/em>: oct.-24<\/p>\n\n\n\n<p>El lloc web https:\/\/casaroure.com\/ \u00e9s responsabilitat DAVID ROURE EDMUNDO (en endavant CASA ROURE), amb domicili social Avinguda Sant Pau de Fenollet, 17 &#8211; 17251 &#8211; Calonge (Girona) , amb DNI: 35042775K i adre\u00e7a de correu electr\u00f2nic: drek.bcn@gmail.com.<\/p>\n\n\n\n<p>Conseq\u00fcentment, la utilitzaci\u00f3 de cookies se li aplica la present &#8220;Pol\u00edtica d&#8217;\u00das de Cookies&#8221; que ha estat elaborada per tal que l&#8217;usuari quedi informat dels diferents usos que es duen a terme en aquests dispositius i, pugui consentir el seu tractament de manera informada, de conformitat amb el que preveu la legislaci\u00f3 vigent.<\/p>\n\n\n\n<p><strong>Qu\u00e8 \u00e9s una cookie?<\/strong><\/p>\n\n\n\n<p>Una cookie \u00e9s un fitxer que es descarrega al seu ordinador en accedir l&#8217;usuari a determinades p\u00e0gines web. Les cookies permeten a una p\u00e0gina web, entre d\u2019altres coses, emmagatzemar i recuperar informaci\u00f3 sobre els h\u00e0bits de navegaci\u00f3 d\u2019un usuari o del seu equip i, depenent de la informaci\u00f3 que continguin i de la forma en qu\u00e8 utilitzi el seu equip, es poden utilitzar per recon\u00e8ixer a l&#8217;usuari. <\/p>\n\n\n\n<p><strong>Quins tipus de cookies hi ha?<\/strong><\/p>\n\n\n\n<p>Hi ha diversos tipus de cookies en funci\u00f3 de diferents criteris:<\/p>\n\n\n\n<p>En funci\u00f3 del temps que romanen activades:<\/p>\n\n\n\n<ul class=\"wp-block-list\">\n<li>Cookies de sessi\u00f3. S\u00f3n un tipus de cookies dissenyades per demanar i emmagatzemar dades mentre l&#8217;usuari accedeix a una p\u00e0gina web. <\/li>\n\n\n\n<li>Cookies permanents: S\u00f3n un tipus de cookies en el qual les dades segueixen emmagatzemats en el terminal i poden ser accedits i tractats durant un per\u00edode definit pel responsable de la galeta.<\/li>\n<\/ul>\n\n\n\n<p>En funci\u00f3 de la titularitat:<\/p>\n\n\n\n<ul class=\"wp-block-list\">\n<li>Cookies pr\u00f2pies. S\u00f3n les que pertanyen a CASA ROURE <\/li>\n\n\n\n<li>Cookies de tercers. S\u00f3n aquelles la titularitat \u00e9s d&#8217;un tercer, diferent de CASA ROURE, que ser\u00e0 qui tracti la informaci\u00f3 recollida. <\/li>\n<\/ul>\n\n\n\n<p>En funci\u00f3 de la seva finalitat:<\/p>\n\n\n\n<ul class=\"wp-block-list\">\n<li>Cookies t\u00e8cniques i\/o de personalitzaci\u00f3. S\u00f3n aquelles que serveixen per millorar el servei, localitzar incid\u00e8ncies, recon\u00e8ixer a l&#8217;usuari, etc. <\/li>\n\n\n\n<li>Cookies d&#8217;an\u00e0lisi i\/o de publicitat. S\u00f3n aquelles que serveixen per analitzar informaci\u00f3 sobre la navegaci\u00f3 i oferir publicitat, sigui gen\u00e8rica o personalitzada. <\/li>\n<\/ul>\n\n\n\n<p><strong>Quins tipus de cookies s\u00f3n m\u00e9s habituals?<\/strong><\/p>\n\n\n\n<p>T\u00c8CNIQUES: S\u00f3n cookies PR\u00d2PIES, de sessi\u00f3, d&#8217;identificaci\u00f3, de configuraci\u00f3 i de registre, estrictament necess\u00e0ries per a la identificaci\u00f3 de l&#8217;usuari i per a la prestaci\u00f3 dels serveis sol\u00b7licitats per l&#8217;usuari. La informaci\u00f3 obtinguda a trav\u00e9s de les mateixes \u00e9s tractada \u00fanicament per CASA ROURE <\/p>\n\n\n\n<p>D&#8217;AN\u00c0LISI: S\u00f3n aquelles que, ben tractades per nosaltres o per tercers, ens permeten quantificar el nombre d&#8217;usuaris i aix\u00ed realitzar el mesurament i an\u00e0lisi estad\u00edstica de la utilitzaci\u00f3 que fan els usuaris del servei ofert. Per aix\u00f2 s&#8217;analitza la seva navegaci\u00f3 a la nostra p\u00e0gina web per tal de millorar l&#8217;oferta de productes o serveis que li oferim. <\/p>\n\n\n\n<p>DE PUBLICITAT: S\u00f3n aquelles que, ben tractades per nosaltres o per tercers, permeten la gesti\u00f3, de la forma m\u00e9s efica\u00e7 possible, dels espais publicitaris que es poguessin incloure a la nostra p\u00e0gina web i\/o emmagatzemen informaci\u00f3 del comportament dels usuaris obtinguda a trav\u00e9s de l&#8217;observaci\u00f3 continuada. Gr\u00e0cies a elles, podem con\u00e8ixer els h\u00e0bits de navegaci\u00f3 a internet i mostrar-li publicitat relacionada amb el seu perfil de navegaci\u00f3. <\/p>\n\n\n\n<p><strong>Per qu\u00e8 serveix una cookie?<\/strong><\/p>\n\n\n\n<p>Les cookies s&#8217;utilitzen per poder oferir serveis i\/o publicitat personalitzats, per analitzar el funcionament del sistema, recon\u00e8ixer quan accedeix com a usuari, localitzar incid\u00e8ncies i problemes que puguin sorgir i solucionar en el menor termini possible, aix\u00ed com analitzar i mesurar l&#8217;\u00fas i activitat de la p\u00e0gina web.<\/p>\n\n\n\n<p><strong>Es necessita el meu consentiment per implantar una cookie?<\/strong><\/p>\n\n\n\n<p>No cal el consentiment per a la instal\u00b7laci\u00f3 de cookies t\u00e8cniques o les que siguin estrictament necess\u00e0ries per a la prestaci\u00f3 d&#8217;un servei de la societat de la informaci\u00f3 expressament sol\u00b7licitat pel destinatari.<\/p>\n\n\n\n<p>Per a la resta, s\u00ed que es necessita el consentiment de l&#8217;interessat que es pot sol\u00b7licitar per diferents vies. En el nostre cas, el consentiment es dona si accepta les cookies opcionals i no necess\u00e0ries pel funcionament de la web i podr\u00e0 anul.lar el consentiment i desactivar les cookies entrant a l\u2019apartat de \u201ccom desactivar les cookies\u201d que es troba al final d\u2019aquest document. <\/p>\n\n\n\n<p><strong>Quins tipus de cookies utilitza aquesta p\u00e0gina web?<\/strong><\/p>\n\n\n\n<p>Cookies t\u00e8cniques: S\u00f3n aquelles creades i gestionades \u00fanicament per nosaltres, i permeten a l&#8217;usuari la navegaci\u00f3 a trav\u00e9s de la nostra p\u00e0gina web i la utilitzaci\u00f3 de les diferents opcions com, per exemple, identificar la sessi\u00f3, personalitzar informaci\u00f3 o accedir a zones d&#8217;acc\u00e9s restringit.<\/p>\n\n\n\n<p>El lloc web de CASA ROURE, utilitza Google Analytics, una eina d&#8217;anal\u00edtica web desenvolupada per Google, que ajuda els propietaris de llocs web a mesurar com interactuen els usuaris amb el contingut del lloc. Per la prestaci\u00f3 d\u2019aquests serveis, Google Analytics utilitza cookies que recopilen la informaci\u00f3, inclosa l\u2019adre\u00e7a IP de l\u2019usuari que ser\u00e0 transmesa, tractada i emmagatzemada per Google en els termes fixats a la web Google.com. <\/p>\n\n\n\n<p>Per a m\u00e9s informaci\u00f3 veure:<\/p>\n\n\n\n<p><a href=\"https:\/\/developers.google.com\/analytics\/devguides\/collection\/analyticsjs\/cookie-usage\">https:\/\/developers.google.com\/analytics\/devguides\/collection\/analyticsjs\/cookie-usage<\/a><\/p>\n\n\n\n<p>El domini web https:\/\/casaroure.com\/ utilitza les seg\u00fcents cookies:<\/p>\n\n\n\n<figure class=\"wp-block-table\"><table class=\"has-fixed-layout\"><tbody><tr><td><em>Propiedad<\/em><\/td><td><em>Nombre de la cookie<\/em><\/td><td><em>Finalidad<\/em><\/td><td><em>Expira<\/em><\/td><\/tr><tr><td>https:\/\/casaroure.com\/<\/td><td>PHPSESSID<br><\/td><td>A trav\u00e9s del contenido de esta cookie el servidor identifica el espacio donde est\u00e1n almacenados todos los contenidos de la sesi\u00f3n<br><\/td><td>Cuando se cierra la web<\/td><\/tr><tr><td>https:\/\/casaroure.com\/<\/td><td>wpEmojiSettingsSupports<br><\/td><td>Emmagatzema l&#8217;idioma actual. Aquesta cookie nom\u00e9s est\u00e0 configurada per usuaris registrats. <br><\/td><td>La sessi\u00f3<\/td><\/tr><tr><td>https:\/\/casaroure.com\/<\/td><td>WP-WPML_CURRENT_LANGUAGE<br><\/td><td>ajuda a determinar si el navegador de l&#8217;usuari pot mostrar emojis correctament.<br><\/td><td>1 d\u00eda<\/td><\/tr><\/tbody><\/table><\/figure>\n\n\n\n<p><strong>Com desactivar cookies?<\/strong><\/p>\n\n\n\n<p>Pot permetre, bloquejar o eliminar les cookies instal\u00b7lades en el seu equip mitjan\u00e7ant la configuraci\u00f3 de les opcions del navegador en el vostre ordinador.<\/p>\n\n\n\n<ul class=\"wp-block-list\">\n<li>Firefox : <a href=\"https:\/\/support.mozilla.org\/es\/kb\/habilitar-y-deshabilitar-cookies-sitios-web-rastrear-preferencias?redirectlocale=es&amp;redirectslug=habilitar-y-deshabilitar-cookies-que-los-sitios-we\">https:\/\/support.mozilla.org\/es\/kb\/habilitar-y-deshabilitar-cookies-sitios-web-rastrear-preferencias?redirectlocale=es&amp;redirectslug=habilitar-y-deshabilitar-cookies-que-los-sitios-we<\/a><\/li>\n\n\n\n<li>Chrome: <a href=\"https:\/\/support.google.com\/chrome\/answer\/95647?hl=es\">https:\/\/support.google.com\/chrome\/answer\/95647?hl=es<\/a><\/li>\n<\/ul>\n\n\n\n<ul class=\"wp-block-list\">\n<li>Internet Explorer: <a href=\"https:\/\/support.microsoft.com\/es-es\/products\/windows?os=windows-10\">https:\/\/support.microsoft.com\/es-es\/products\/windows?os=windows-10<\/a><\/li>\n<\/ul>\n\n\n\n<ul class=\"wp-block-list\">\n<li>Safari: <a href=\"https:\/\/support.apple.com\/kb\/ph5042?locale=es_ES\">https:\/\/support.apple.com\/kb\/ph5042?locale=es_ES<\/a><\/li>\n<\/ul>\n\n\n\n<ul class=\"wp-block-list\">\n<li>Safari para iOS: <a href=\"https:\/\/support.apple.com\/es-es\/HT201265\">https:\/\/support.apple.com\/es-es\/HT201265<\/a><\/li>\n<\/ul>\n\n\n\n<ul class=\"wp-block-list\">\n<li>Opera: <a href=\"http:\/\/help.opera.com\/Windows\/11.50\/es-ES\/cookies.html\">http:\/\/help.opera.com\/Windows\/11.50\/es-ES\/cookies.html<\/a><\/li>\n<\/ul>\n\n\n\n<p><strong>Exercici de drets<\/strong><\/p>\n\n\n\n<p>Pot con\u00e8ixer i exercir els seus drets en mat\u00e8ria de protecci\u00f3 de dades accedint a la nostra pol\u00edtica de privacitat https:\/\/casaroure.com\/\/politica-de-privacidad\/<\/p>\n\n\n\n<p><strong>Informaci\u00f3 addicional<\/strong><\/p>\n\n\n\n<p>Podeu consultar m\u00e9s informaci\u00f3 a la guia sobre l&#8217;\u00fas de les cookies editada per l&#8217;AEPD en el seg\u00fcent enlla\u00e7: <a href=\"https:\/\/www.aepd.es\/es\/documento\/guia-cookies.pdf\">https:\/\/www.aepd.es\/es\/documento\/guia-cookies.pdf<\/a><\/p>\n","protected":false},"excerpt":{"rendered":"<p>Pol\u00edtica de cookies Actualitzada: oct.-24 El lloc web https:\/\/casaroure.com\/ \u00e9s responsabilitat DAVID ROURE EDMUNDO (en endavant CASA ROURE), amb domicili social Avinguda Sant Pau de Fenollet, 17 &#8211; 17251 &#8211; Calonge (Girona) , amb DNI: 35042775K i adre\u00e7a de correu electr\u00f2nic: drek.bcn@gmail.com. Conseq\u00fcentment, la utilitzaci\u00f3 de cookies se li aplica la present &#8220;Pol\u00edtica d&#8217;\u00das de&#8230;<\/p>\n","protected":false},"author":1,"featured_media":0,"parent":0,"menu_order":0,"comment_status":"closed","ping_status":"closed","template":"","meta":{"_kad_post_transparent":"","_kad_post_title":"","_kad_post_layout":"","_kad_post_sidebar_id":"","_kad_post_content_style":"","_kad_post_vertical_padding":"","_kad_post_feature":"","_kad_post_feature_position":"","_kad_post_header":false,"_kad_post_footer":false,"footnotes":""},"class_list":["post-2471","page","type-page","status-publish","hentry"],"yoast_head":"<!-- This site is optimized with the Yoast SEO plugin v25.1 - https:\/\/yoast.com\/wordpress\/plugins\/seo\/ -->\n<title>Pol\u00edtica de cookies - Casa Roure<\/title>\n<meta name=\"robots\" content=\"index, follow, max-snippet:-1, max-image-preview:large, max-video-preview:-1\" \/>\n<link rel=\"canonical\" href=\"https:\/\/casaroure.com\/ca\/politica-de-cookies\/\" \/>\n<meta property=\"og:locale\" content=\"ca_ES\" \/>\n<meta property=\"og:type\" content=\"article\" \/>\n<meta property=\"og:title\" content=\"Pol\u00edtica de cookies - Casa Roure\" \/>\n<meta property=\"og:description\" content=\"Pol\u00edtica de cookies Actualitzada: oct.-24 El lloc web https:\/\/casaroure.com\/ \u00e9s responsabilitat DAVID ROURE EDMUNDO (en endavant CASA ROURE), amb domicili social Avinguda Sant Pau de Fenollet, 17 &#8211; 17251 &#8211; Calonge (Girona) , amb DNI: 35042775K i adre\u00e7a de correu electr\u00f2nic: drek.bcn@gmail.com. Conseq\u00fcentment, la utilitzaci\u00f3 de cookies se li aplica la present &#8220;Pol\u00edtica d&#8217;\u00das de...\" \/>\n<meta property=\"og:url\" content=\"https:\/\/casaroure.com\/ca\/politica-de-cookies\/\" \/>\n<meta property=\"og:site_name\" content=\"Casa Roure\" \/>\n<meta name=\"twitter:card\" content=\"summary_large_image\" \/>\n<meta name=\"twitter:label1\" content=\"Temps estimat de lectura\" \/>\n\t<meta name=\"twitter:data1\" content=\"6 minuts\" \/>\n<script type=\"application\/ld+json\" class=\"yoast-schema-graph\">{\"@context\":\"https:\/\/schema.org\",\"@graph\":[{\"@type\":\"WebPage\",\"@id\":\"https:\/\/casaroure.com\/ca\/politica-de-cookies\/\",\"url\":\"https:\/\/casaroure.com\/ca\/politica-de-cookies\/\",\"name\":\"Pol\u00edtica de cookies - Casa Roure\",\"isPartOf\":{\"@id\":\"https:\/\/casaroure.com\/ca\/#website\"},\"datePublished\":\"2023-10-28T14:20:11+00:00\",\"breadcrumb\":{\"@id\":\"https:\/\/casaroure.com\/ca\/politica-de-cookies\/#breadcrumb\"},\"inLanguage\":\"ca\",\"potentialAction\":[{\"@type\":\"ReadAction\",\"target\":[\"https:\/\/casaroure.com\/ca\/politica-de-cookies\/\"]}]},{\"@type\":\"BreadcrumbList\",\"@id\":\"https:\/\/casaroure.com\/ca\/politica-de-cookies\/#breadcrumb\",\"itemListElement\":[{\"@type\":\"ListItem\",\"position\":1,\"name\":\"Portada\",\"item\":\"https:\/\/casaroure.com\/ca\/\"},{\"@type\":\"ListItem\",\"position\":2,\"name\":\"Pol\u00edtica de cookies\"}]},{\"@type\":\"WebSite\",\"@id\":\"https:\/\/casaroure.com\/ca\/#website\",\"url\":\"https:\/\/casaroure.com\/ca\/\",\"name\":\"Casa Roure\",\"description\":\"Alquiler vacacional en Calonge, Palam\u00f3s, Sant Atoni de Calonge, Costa Brava\",\"publisher\":{\"@id\":\"https:\/\/casaroure.com\/ca\/#\/schema\/person\/18c6db1088de05d83b72c0fda51aef6b\"},\"potentialAction\":[{\"@type\":\"SearchAction\",\"target\":{\"@type\":\"EntryPoint\",\"urlTemplate\":\"https:\/\/casaroure.com\/ca\/?s={search_term_string}\"},\"query-input\":{\"@type\":\"PropertyValueSpecification\",\"valueRequired\":true,\"valueName\":\"search_term_string\"}}],\"inLanguage\":\"ca\"},{\"@type\":[\"Person\",\"Organization\"],\"@id\":\"https:\/\/casaroure.com\/ca\/#\/schema\/person\/18c6db1088de05d83b72c0fda51aef6b\",\"name\":\"David Roure\",\"image\":{\"@type\":\"ImageObject\",\"inLanguage\":\"ca\",\"@id\":\"https:\/\/casaroure.com\/ca\/#\/schema\/person\/image\/\",\"url\":\"https:\/\/casaroure.com\/wp-content\/uploads\/2024\/02\/Logo_H600x265.png\",\"contentUrl\":\"https:\/\/casaroure.com\/wp-content\/uploads\/2024\/02\/Logo_H600x265.png\",\"width\":600,\"height\":265,\"caption\":\"David Roure\"},\"logo\":{\"@id\":\"https:\/\/casaroure.com\/ca\/#\/schema\/person\/image\/\"}}]}<\/script>\n<!-- \/ Yoast SEO plugin. -->","yoast_head_json":{"title":"Pol\u00edtica de cookies - Casa Roure","robots":{"index":"index","follow":"follow","max-snippet":"max-snippet:-1","max-image-preview":"max-image-preview:large","max-video-preview":"max-video-preview:-1"},"canonical":"https:\/\/casaroure.com\/ca\/politica-de-cookies\/","og_locale":"ca_ES","og_type":"article","og_title":"Pol\u00edtica de cookies - Casa Roure","og_description":"Pol\u00edtica de cookies Actualitzada: oct.-24 El lloc web https:\/\/casaroure.com\/ \u00e9s responsabilitat DAVID ROURE EDMUNDO (en endavant CASA ROURE), amb domicili social Avinguda Sant Pau de Fenollet, 17 &#8211; 17251 &#8211; Calonge (Girona) , amb DNI: 35042775K i adre\u00e7a de correu electr\u00f2nic: drek.bcn@gmail.com. Conseq\u00fcentment, la utilitzaci\u00f3 de cookies se li aplica la present &#8220;Pol\u00edtica d&#8217;\u00das de...","og_url":"https:\/\/casaroure.com\/ca\/politica-de-cookies\/","og_site_name":"Casa Roure","twitter_card":"summary_large_image","twitter_misc":{"Temps estimat de lectura":"6 minuts"},"schema":{"@context":"https:\/\/schema.org","@graph":[{"@type":"WebPage","@id":"https:\/\/casaroure.com\/ca\/politica-de-cookies\/","url":"https:\/\/casaroure.com\/ca\/politica-de-cookies\/","name":"Pol\u00edtica de cookies - Casa Roure","isPartOf":{"@id":"https:\/\/casaroure.com\/ca\/#website"},"datePublished":"2023-10-28T14:20:11+00:00","breadcrumb":{"@id":"https:\/\/casaroure.com\/ca\/politica-de-cookies\/#breadcrumb"},"inLanguage":"ca","potentialAction":[{"@type":"ReadAction","target":["https:\/\/casaroure.com\/ca\/politica-de-cookies\/"]}]},{"@type":"BreadcrumbList","@id":"https:\/\/casaroure.com\/ca\/politica-de-cookies\/#breadcrumb","itemListElement":[{"@type":"ListItem","position":1,"name":"Portada","item":"https:\/\/casaroure.com\/ca\/"},{"@type":"ListItem","position":2,"name":"Pol\u00edtica de cookies"}]},{"@type":"WebSite","@id":"https:\/\/casaroure.com\/ca\/#website","url":"https:\/\/casaroure.com\/ca\/","name":"Casa Roure","description":"Alquiler vacacional en Calonge, Palam\u00f3s, Sant Atoni de Calonge, Costa Brava","publisher":{"@id":"https:\/\/casaroure.com\/ca\/#\/schema\/person\/18c6db1088de05d83b72c0fda51aef6b"},"potentialAction":[{"@type":"SearchAction","target":{"@type":"EntryPoint","urlTemplate":"https:\/\/casaroure.com\/ca\/?s={search_term_string}"},"query-input":{"@type":"PropertyValueSpecification","valueRequired":true,"valueName":"search_term_string"}}],"inLanguage":"ca"},{"@type":["Person","Organization"],"@id":"https:\/\/casaroure.com\/ca\/#\/schema\/person\/18c6db1088de05d83b72c0fda51aef6b","name":"David Roure","image":{"@type":"ImageObject","inLanguage":"ca","@id":"https:\/\/casaroure.com\/ca\/#\/schema\/person\/image\/","url":"https:\/\/casaroure.com\/wp-content\/uploads\/2024\/02\/Logo_H600x265.png","contentUrl":"https:\/\/casaroure.com\/wp-content\/uploads\/2024\/02\/Logo_H600x265.png","width":600,"height":265,"caption":"David Roure"},"logo":{"@id":"https:\/\/casaroure.com\/ca\/#\/schema\/person\/image\/"}}]}},"_links":{"self":[{"href":"https:\/\/casaroure.com\/ca\/wp-json\/wp\/v2\/pages\/2471","targetHints":{"allow":["GET"]}}],"collection":[{"href":"https:\/\/casaroure.com\/ca\/wp-json\/wp\/v2\/pages"}],"about":[{"href":"https:\/\/casaroure.com\/ca\/wp-json\/wp\/v2\/types\/page"}],"author":[{"embeddable":true,"href":"https:\/\/casaroure.com\/ca\/wp-json\/wp\/v2\/users\/1"}],"replies":[{"embeddable":true,"href":"https:\/\/casaroure.com\/ca\/wp-json\/wp\/v2\/comments?post=2471"}],"version-history":[{"count":0,"href":"https:\/\/casaroure.com\/ca\/wp-json\/wp\/v2\/pages\/2471\/revisions"}],"wp:attachment":[{"href":"https:\/\/casaroure.com\/ca\/wp-json\/wp\/v2\/media?parent=2471"}],"curies":[{"name":"wp","href":"https:\/\/api.w.org\/{rel}","templated":true}]}}