{"id":1603,"date":"2023-12-12T08:20:54","date_gmt":"2023-12-12T08:20:54","guid":{"rendered":"https:\/\/casaroure.com\/ansprechpartner-casa-roure\/"},"modified":"2024-11-15T15:45:34","modified_gmt":"2024-11-15T15:45:34","slug":"ansprechpartner-casa-roure","status":"publish","type":"page","link":"https:\/\/casaroure.com\/de\/ansprechpartner-casa-roure\/","title":{"rendered":"Ansprechpartner &#8211; Casa Roure"},"content":{"rendered":"\t\t<div data-elementor-type=\"wp-page\" data-elementor-id=\"1603\" class=\"elementor elementor-1603\" data-elementor-post-type=\"page\">\n\t\t\t\t<div class=\"elementor-element elementor-element-028d6cd e-flex e-con-boxed e-con e-parent\" data-id=\"028d6cd\" data-element_type=\"container\">\n\t\t\t\t\t<div class=\"e-con-inner\">\n\t\t\t\t<div class=\"elementor-element elementor-element-d4f4f86 elementor-widget elementor-widget-spacer\" data-id=\"d4f4f86\" data-element_type=\"widget\" data-widget_type=\"spacer.default\">\n\t\t\t\t<div class=\"elementor-widget-container\">\n\t\t\t\t\t\t\t<div class=\"elementor-spacer\">\n\t\t\t<div class=\"elementor-spacer-inner\"><\/div>\n\t\t<\/div>\n\t\t\t\t\t\t<\/div>\n\t\t\t\t<\/div>\n\t\t\t\t\t<\/div>\n\t\t\t\t<\/div>\n\t\t<div class=\"elementor-element elementor-element-b73a25b e-flex e-con-boxed e-con e-parent\" data-id=\"b73a25b\" data-element_type=\"container\">\n\t\t\t\t\t<div class=\"e-con-inner\">\n\t\t\t\t<div class=\"elementor-element elementor-element-6c2139a elementor-widget elementor-widget-heading\" data-id=\"6c2139a\" data-element_type=\"widget\" data-widget_type=\"heading.default\">\n\t\t\t\t<div class=\"elementor-widget-container\">\n\t\t\t\t\t<h2 class=\"elementor-heading-title elementor-size-default\">Ansprechpartner - Casa Roure<\/h2>\t\t\t\t<\/div>\n\t\t\t\t<\/div>\n\t\t\t\t\t<\/div>\n\t\t\t\t<\/div>\n\t\t<div class=\"elementor-element elementor-element-f6cb486 e-flex e-con-boxed e-con e-parent\" data-id=\"f6cb486\" data-element_type=\"container\">\n\t\t\t\t\t<div class=\"e-con-inner\">\n\t\t\t\t<div class=\"elementor-element elementor-element-a7ffd64 elementor-widget elementor-widget-spacer\" data-id=\"a7ffd64\" data-element_type=\"widget\" data-widget_type=\"spacer.default\">\n\t\t\t\t<div class=\"elementor-widget-container\">\n\t\t\t\t\t\t\t<div class=\"elementor-spacer\">\n\t\t\t<div class=\"elementor-spacer-inner\"><\/div>\n\t\t<\/div>\n\t\t\t\t\t\t<\/div>\n\t\t\t\t<\/div>\n\t\t\t\t\t<\/div>\n\t\t\t\t<\/div>\n\t\t<div class=\"elementor-element elementor-element-e297faf e-flex e-con-boxed e-con e-parent\" data-id=\"e297faf\" data-element_type=\"container\">\n\t\t\t\t\t<div class=\"e-con-inner\">\n\t\t\t\t<div class=\"elementor-element elementor-element-7b3e78e elementor-widget elementor-widget-text-editor\" data-id=\"7b3e78e\" data-element_type=\"widget\" data-widget_type=\"text-editor.default\">\n\t\t\t\t<div class=\"elementor-widget-container\">\n\t\t\t\t\t\t\t\t\t<p>Ansprechpartner: David Roure<\/p>\n<p>Kontakttelefon: +34 675 095 762<\/p>\n\t\t\t\t\t\t\t\t<\/div>\n\t\t\t\t<\/div>\n\t\t\t\t\t<\/div>\n\t\t\t\t<\/div>\n\t\t<div class=\"elementor-element elementor-element-a20d836 e-flex e-con-boxed e-con e-parent\" data-id=\"a20d836\" data-element_type=\"container\">\n\t\t\t\t\t<div class=\"e-con-inner\">\n\t\t\t\t<div class=\"elementor-element elementor-element-a63241c elementor-widget elementor-widget-spacer\" data-id=\"a63241c\" data-element_type=\"widget\" data-widget_type=\"spacer.default\">\n\t\t\t\t<div class=\"elementor-widget-container\">\n\t\t\t\t\t\t\t<div class=\"elementor-spacer\">\n\t\t\t<div class=\"elementor-spacer-inner\"><\/div>\n\t\t<\/div>\n\t\t\t\t\t\t<\/div>\n\t\t\t\t<\/div>\n\t\t\t\t\t<\/div>\n\t\t\t\t<\/div>\n\t\t<div class=\"elementor-element elementor-element-90d72ce e-flex e-con-boxed e-con e-parent\" data-id=\"90d72ce\" data-element_type=\"container\">\n\t\t\t\t\t<div class=\"e-con-inner\">\n\t\t\t\t<div class=\"elementor-element elementor-element-d4fbda6 elementor-widget elementor-widget-google_maps\" data-id=\"d4fbda6\" data-element_type=\"widget\" data-widget_type=\"google_maps.default\">\n\t\t\t\t<div class=\"elementor-widget-container\">\n\t\t\t\t\t\t\t<div class=\"elementor-custom-embed\">\n\t\t\t<iframe loading=\"lazy\"\n\t\t\t\t\tsrc=\"https:\/\/www.google.com\/maps\/embed\/v1\/place?key=AIzaSyCmt-DmEHkMnMCYJ9ftcCeR4e6dQoFrIyg&#038;q=Galcer%C3%A1n%20de%20Requesens%2C%204%20-%2017251%20Calonge%20i%20Sant%20Antoni%20%2C%20Girona%20Spain&#038;zoom=13\"\n\t\t\t\t\ttitle=\"Galcer\u00e1n de Requesens, 4 - 17251 Calonge i Sant Antoni , Girona Spain\"\n\t\t\t\t\taria-label=\"Galcer\u00e1n de Requesens, 4 - 17251 Calonge i Sant Antoni , Girona Spain\"\n\t\t\t><\/iframe>\n\t\t<\/div>\n\t\t\t\t\t\t<\/div>\n\t\t\t\t<\/div>\n\t\t\t\t\t<\/div>\n\t\t\t\t<\/div>\n\t\t<div class=\"elementor-element elementor-element-8e84d24 e-flex e-con-boxed e-con e-parent\" data-id=\"8e84d24\" data-element_type=\"container\">\n\t\t\t\t\t<div class=\"e-con-inner\">\n\t\t\t\t<div class=\"elementor-element elementor-element-27293ae elementor-widget elementor-widget-spacer\" data-id=\"27293ae\" data-element_type=\"widget\" data-widget_type=\"spacer.default\">\n\t\t\t\t<div class=\"elementor-widget-container\">\n\t\t\t\t\t\t\t<div class=\"elementor-spacer\">\n\t\t\t<div class=\"elementor-spacer-inner\"><\/div>\n\t\t<\/div>\n\t\t\t\t\t\t<\/div>\n\t\t\t\t<\/div>\n\t\t\t\t\t<\/div>\n\t\t\t\t<\/div>\n\t\t<div class=\"elementor-element elementor-element-ec6182b e-flex e-con-boxed e-con e-parent\" data-id=\"ec6182b\" data-element_type=\"container\">\n\t\t\t\t\t<div class=\"e-con-inner\">\n\t\t\t\t<div class=\"elementor-element elementor-element-c4bbac2 elementor-widget elementor-widget-heading\" data-id=\"c4bbac2\" data-element_type=\"widget\" data-widget_type=\"heading.default\">\n\t\t\t\t<div class=\"elementor-widget-container\">\n\t\t\t\t\t<h2 class=\"elementor-heading-title elementor-size-default\">Kontaktformular - Casa Roure<\/h2>\t\t\t\t<\/div>\n\t\t\t\t<\/div>\n\t\t\t\t\t<\/div>\n\t\t\t\t<\/div>\n\t\t<div class=\"elementor-element elementor-element-e6153b0 e-flex e-con-boxed e-con e-parent\" data-id=\"e6153b0\" data-element_type=\"container\">\n\t\t\t\t\t<div class=\"e-con-inner\">\n\t\t\t\t<div class=\"elementor-element elementor-element-0272316 elementor-widget elementor-widget-text-editor\" data-id=\"0272316\" data-element_type=\"widget\" data-widget_type=\"text-editor.default\">\n\t\t\t\t<div class=\"elementor-widget-container\">\n\t\t\t\t\t\t\t\t\t<p>Wenn Sie Fragen haben, zus\u00e4tzliche Informationen w\u00fcnschen oder Hilfe ben\u00f6tigen, z\u00f6gern Sie bitte nicht, mich \u00fcber dieses Formular zu kontaktieren. Ich werde so schnell wie m\u00f6glich antworten.<\/p>\n\t\t\t\t\t\t\t\t<\/div>\n\t\t\t\t<\/div>\n\t\t\t\t\t<\/div>\n\t\t\t\t<\/div>\n\t\t<div class=\"elementor-element elementor-element-60da441 e-flex e-con-boxed e-con e-parent\" data-id=\"60da441\" data-element_type=\"container\">\n\t\t\t\t\t<div class=\"e-con-inner\">\n\t\t\t\t\t<\/div>\n\t\t\t\t<\/div>\n\t\t<div class=\"elementor-element elementor-element-c3115f1 e-flex e-con-boxed e-con e-parent\" data-id=\"c3115f1\" data-element_type=\"container\">\n\t\t\t\t\t<div class=\"e-con-inner\">\n\t\t\t\t<div class=\"elementor-element elementor-element-efeb1ce elementor-widget elementor-widget-spacer\" data-id=\"efeb1ce\" data-element_type=\"widget\" data-widget_type=\"spacer.default\">\n\t\t\t\t<div class=\"elementor-widget-container\">\n\t\t\t\t\t\t\t<div class=\"elementor-spacer\">\n\t\t\t<div class=\"elementor-spacer-inner\"><\/div>\n\t\t<\/div>\n\t\t\t\t\t\t<\/div>\n\t\t\t\t<\/div>\n\t\t\t\t\t<\/div>\n\t\t\t\t<\/div>\n\t\t<div class=\"elementor-element elementor-element-5fa09b5 e-flex e-con-boxed e-con e-parent\" data-id=\"5fa09b5\" data-element_type=\"container\">\n\t\t\t\t\t<div class=\"e-con-inner\">\n\t\t\t\t<div class=\"elementor-element elementor-element-3f9cea3 elementor-widget elementor-widget-spacer\" data-id=\"3f9cea3\" data-element_type=\"widget\" data-widget_type=\"spacer.default\">\n\t\t\t\t<div class=\"elementor-widget-container\">\n\t\t\t\t\t\t\t<div class=\"elementor-spacer\">\n\t\t\t<div class=\"elementor-spacer-inner\"><\/div>\n\t\t<\/div>\n\t\t\t\t\t\t<\/div>\n\t\t\t\t<\/div>\n\t\t\t\t<div class=\"elementor-element elementor-element-12cc2ee elementor-widget elementor-widget-heading\" data-id=\"12cc2ee\" data-element_type=\"widget\" data-widget_type=\"heading.default\">\n\t\t\t\t<div class=\"elementor-widget-container\">\n\t\t\t\t\t<h3 class=\"elementor-heading-title elementor-size-default\">Grundlegende Informationen zum Datenschutz (2016\/679 RGPD und 3\/2018 LOPDGDD):<\/h3>\t\t\t\t<\/div>\n\t\t\t\t<\/div>\n\t\t\t\t\t<\/div>\n\t\t\t\t<\/div>\n\t\t<div class=\"elementor-element elementor-element-7c77abc e-flex e-con-boxed e-con e-parent\" data-id=\"7c77abc\" data-element_type=\"container\">\n\t\t\t\t\t<div class=\"e-con-inner\">\n\t\t\t\t<div class=\"elementor-element elementor-element-a8f31b5 elementor-widget elementor-widget-text-editor\" data-id=\"a8f31b5\" data-element_type=\"widget\" data-widget_type=\"text-editor.default\">\n\t\t\t\t<div class=\"elementor-widget-container\">\n\t\t\t\t\t\t\t\t\t<p align=\"justify\"><span style=\"font-family: Arial, sans-serif;\"><span style=\"font-size: small;\"><span lang=\"en-GB\"><strong>Verantwortlicher<\/strong>: DAVID ROURE EDMUNDO (CASA ROURE); <strong>Zweck<\/strong>: Administrative, buchhalterische und kommerzielle Verwaltung Ihrer Daten.; <strong>Legitimation<\/strong>: Zustimmung der betroffenen Partei, Vertragserf\u00fcllung und berechtigtes Interesse; <strong>Empf\u00e4nger<\/strong>: Daten werden nicht an Dritte weitergegeben, au\u00dfer aufgrund gesetzlicher Verpflichtung; <strong>Rechte<\/strong>: Zugriff, Berichtigung und L\u00f6schung von Daten sowie andere Rechte, wie in der Datenschutzrichtlinie unserer Website erl\u00e4utert: <a href=\"https:\/\/casaroure.com\/de\/datenschutzbestimmungen\/\" target=\"_blank\" rel=\"noopener\">https:\/\/casaroure.com\/de\/datenschutzbestimmungen\/<\/a>; <strong>Widerruf<\/strong>: Wenn Sie unsere Informationen nicht erhalten m\u00f6chten, kontaktieren Sie uns bitte, indem Sie eine E-Mail an die folgende Adresse senden: <a href=\"mailto:drek.bcn@gmail.com\" target=\"_blank\" rel=\"noopener\">drek.bcn@gmail.com<\/a> und das Wort: <strong>UNSUBSCRIBE<\/strong> angeben.<\/span><\/span><\/span><\/p>\t\t\t\t\t\t\t\t<\/div>\n\t\t\t\t<\/div>\n\t\t\t\t\t<\/div>\n\t\t\t\t<\/div>\n\t\t<div class=\"elementor-element elementor-element-63f846c e-flex e-con-boxed e-con e-parent\" data-id=\"63f846c\" data-element_type=\"container\">\n\t\t\t\t\t<div class=\"e-con-inner\">\n\t\t\t\t<div class=\"elementor-element elementor-element-aacfb1c elementor-widget elementor-widget-spacer\" data-id=\"aacfb1c\" data-element_type=\"widget\" data-widget_type=\"spacer.default\">\n\t\t\t\t<div class=\"elementor-widget-container\">\n\t\t\t\t\t\t\t<div class=\"elementor-spacer\">\n\t\t\t<div class=\"elementor-spacer-inner\"><\/div>\n\t\t<\/div>\n\t\t\t\t\t\t<\/div>\n\t\t\t\t<\/div>\n\t\t\t\t\t<\/div>\n\t\t\t\t<\/div>\n\t\t\t\t<\/div>\n\t\t","protected":false},"excerpt":{"rendered":"<p>Ansprechpartner &#8211; Casa Roure Ansprechpartner: David Roure Kontakttelefon: +34 675 095 762 Kontaktformular &#8211; Casa Roure Wenn Sie Fragen haben, zus\u00e4tzliche Informationen w\u00fcnschen oder Hilfe ben\u00f6tigen, z\u00f6gern Sie bitte nicht, mich \u00fcber dieses Formular zu kontaktieren. Ich werde so schnell wie m\u00f6glich antworten. Tu Nombre Tu correo electr\u00f3nico Asunto Tu mensaje (opcional) He le\u00eddo y&#8230;<\/p>\n","protected":false},"author":1,"featured_media":0,"parent":0,"menu_order":0,"comment_status":"closed","ping_status":"closed","template":"","meta":{"_kad_post_transparent":"","_kad_post_title":"","_kad_post_layout":"","_kad_post_sidebar_id":"","_kad_post_content_style":"","_kad_post_vertical_padding":"","_kad_post_feature":"","_kad_post_feature_position":"","_kad_post_header":false,"_kad_post_footer":false,"footnotes":""},"class_list":["post-1603","page","type-page","status-publish","hentry"],"yoast_head":"<!-- This site is optimized with the Yoast SEO plugin v25.1 - https:\/\/yoast.com\/wordpress\/plugins\/seo\/ -->\n<title>Ansprechpartner - Casa Roure - Casa Roure<\/title>\n<meta name=\"description\" content=\"Willkommen auf dem Kontaktformular von Casa Roure. Alle Informationen, die Sie ben\u00f6tigen, um Casa Roure zu kontaktieren.\" \/>\n<meta name=\"robots\" content=\"index, follow, max-snippet:-1, max-image-preview:large, max-video-preview:-1\" \/>\n<link rel=\"canonical\" href=\"https:\/\/casaroure.com\/de\/ansprechpartner-casa-roure\/\" \/>\n<meta property=\"og:locale\" content=\"de_DE\" \/>\n<meta property=\"og:type\" content=\"article\" \/>\n<meta property=\"og:title\" content=\"Ansprechpartner - Casa Roure - Casa Roure\" \/>\n<meta property=\"og:description\" content=\"Willkommen auf dem Kontaktformular von Casa Roure. Alle Informationen, die Sie ben\u00f6tigen, um Casa Roure zu kontaktieren.\" \/>\n<meta property=\"og:url\" content=\"https:\/\/casaroure.com\/de\/ansprechpartner-casa-roure\/\" \/>\n<meta property=\"og:site_name\" content=\"Casa Roure\" \/>\n<meta property=\"article:modified_time\" content=\"2024-11-15T15:45:34+00:00\" \/>\n<meta name=\"twitter:card\" content=\"summary_large_image\" \/>\n<meta name=\"twitter:label1\" content=\"Gesch\u00e4tzte Lesezeit\" \/>\n\t<meta name=\"twitter:data1\" content=\"1\u00a0Minute\" \/>\n<script type=\"application\/ld+json\" class=\"yoast-schema-graph\">{\"@context\":\"https:\/\/schema.org\",\"@graph\":[{\"@type\":\"WebPage\",\"@id\":\"https:\/\/casaroure.com\/de\/ansprechpartner-casa-roure\/\",\"url\":\"https:\/\/casaroure.com\/de\/ansprechpartner-casa-roure\/\",\"name\":\"Ansprechpartner - Casa Roure - Casa Roure\",\"isPartOf\":{\"@id\":\"https:\/\/casaroure.com\/de\/#website\"},\"datePublished\":\"2023-12-12T08:20:54+00:00\",\"dateModified\":\"2024-11-15T15:45:34+00:00\",\"description\":\"Willkommen auf dem Kontaktformular von Casa Roure. Alle Informationen, die Sie ben\u00f6tigen, um Casa Roure zu kontaktieren.\",\"breadcrumb\":{\"@id\":\"https:\/\/casaroure.com\/de\/ansprechpartner-casa-roure\/#breadcrumb\"},\"inLanguage\":\"de\",\"potentialAction\":[{\"@type\":\"ReadAction\",\"target\":[\"https:\/\/casaroure.com\/de\/ansprechpartner-casa-roure\/\"]}]},{\"@type\":\"BreadcrumbList\",\"@id\":\"https:\/\/casaroure.com\/de\/ansprechpartner-casa-roure\/#breadcrumb\",\"itemListElement\":[{\"@type\":\"ListItem\",\"position\":1,\"name\":\"Portada\",\"item\":\"https:\/\/casaroure.com\/de\/\"},{\"@type\":\"ListItem\",\"position\":2,\"name\":\"Ansprechpartner &#8211; Casa Roure\"}]},{\"@type\":\"WebSite\",\"@id\":\"https:\/\/casaroure.com\/de\/#website\",\"url\":\"https:\/\/casaroure.com\/de\/\",\"name\":\"Casa Roure\",\"description\":\"Alquiler vacacional en Calonge, Palam\u00f3s, Sant Atoni de Calonge, Costa Brava\",\"publisher\":{\"@id\":\"https:\/\/casaroure.com\/de\/#\/schema\/person\/18c6db1088de05d83b72c0fda51aef6b\"},\"potentialAction\":[{\"@type\":\"SearchAction\",\"target\":{\"@type\":\"EntryPoint\",\"urlTemplate\":\"https:\/\/casaroure.com\/de\/?s={search_term_string}\"},\"query-input\":{\"@type\":\"PropertyValueSpecification\",\"valueRequired\":true,\"valueName\":\"search_term_string\"}}],\"inLanguage\":\"de\"},{\"@type\":[\"Person\",\"Organization\"],\"@id\":\"https:\/\/casaroure.com\/de\/#\/schema\/person\/18c6db1088de05d83b72c0fda51aef6b\",\"name\":\"David Roure\",\"image\":{\"@type\":\"ImageObject\",\"inLanguage\":\"de\",\"@id\":\"https:\/\/casaroure.com\/de\/#\/schema\/person\/image\/\",\"url\":\"https:\/\/casaroure.com\/wp-content\/uploads\/2024\/02\/Logo_H600x265.png\",\"contentUrl\":\"https:\/\/casaroure.com\/wp-content\/uploads\/2024\/02\/Logo_H600x265.png\",\"width\":600,\"height\":265,\"caption\":\"David Roure\"},\"logo\":{\"@id\":\"https:\/\/casaroure.com\/de\/#\/schema\/person\/image\/\"}}]}<\/script>\n<!-- \/ Yoast SEO plugin. -->","yoast_head_json":{"title":"Ansprechpartner - Casa Roure - Casa Roure","description":"Willkommen auf dem Kontaktformular von Casa Roure. Alle Informationen, die Sie ben\u00f6tigen, um Casa Roure zu kontaktieren.","robots":{"index":"index","follow":"follow","max-snippet":"max-snippet:-1","max-image-preview":"max-image-preview:large","max-video-preview":"max-video-preview:-1"},"canonical":"https:\/\/casaroure.com\/de\/ansprechpartner-casa-roure\/","og_locale":"de_DE","og_type":"article","og_title":"Ansprechpartner - Casa Roure - Casa Roure","og_description":"Willkommen auf dem Kontaktformular von Casa Roure. Alle Informationen, die Sie ben\u00f6tigen, um Casa Roure zu kontaktieren.","og_url":"https:\/\/casaroure.com\/de\/ansprechpartner-casa-roure\/","og_site_name":"Casa Roure","article_modified_time":"2024-11-15T15:45:34+00:00","twitter_card":"summary_large_image","twitter_misc":{"Gesch\u00e4tzte Lesezeit":"1\u00a0Minute"},"schema":{"@context":"https:\/\/schema.org","@graph":[{"@type":"WebPage","@id":"https:\/\/casaroure.com\/de\/ansprechpartner-casa-roure\/","url":"https:\/\/casaroure.com\/de\/ansprechpartner-casa-roure\/","name":"Ansprechpartner - Casa Roure - Casa Roure","isPartOf":{"@id":"https:\/\/casaroure.com\/de\/#website"},"datePublished":"2023-12-12T08:20:54+00:00","dateModified":"2024-11-15T15:45:34+00:00","description":"Willkommen auf dem Kontaktformular von Casa Roure. Alle Informationen, die Sie ben\u00f6tigen, um Casa Roure zu kontaktieren.","breadcrumb":{"@id":"https:\/\/casaroure.com\/de\/ansprechpartner-casa-roure\/#breadcrumb"},"inLanguage":"de","potentialAction":[{"@type":"ReadAction","target":["https:\/\/casaroure.com\/de\/ansprechpartner-casa-roure\/"]}]},{"@type":"BreadcrumbList","@id":"https:\/\/casaroure.com\/de\/ansprechpartner-casa-roure\/#breadcrumb","itemListElement":[{"@type":"ListItem","position":1,"name":"Portada","item":"https:\/\/casaroure.com\/de\/"},{"@type":"ListItem","position":2,"name":"Ansprechpartner &#8211; Casa Roure"}]},{"@type":"WebSite","@id":"https:\/\/casaroure.com\/de\/#website","url":"https:\/\/casaroure.com\/de\/","name":"Casa Roure","description":"Alquiler vacacional en Calonge, Palam\u00f3s, Sant Atoni de Calonge, Costa Brava","publisher":{"@id":"https:\/\/casaroure.com\/de\/#\/schema\/person\/18c6db1088de05d83b72c0fda51aef6b"},"potentialAction":[{"@type":"SearchAction","target":{"@type":"EntryPoint","urlTemplate":"https:\/\/casaroure.com\/de\/?s={search_term_string}"},"query-input":{"@type":"PropertyValueSpecification","valueRequired":true,"valueName":"search_term_string"}}],"inLanguage":"de"},{"@type":["Person","Organization"],"@id":"https:\/\/casaroure.com\/de\/#\/schema\/person\/18c6db1088de05d83b72c0fda51aef6b","name":"David Roure","image":{"@type":"ImageObject","inLanguage":"de","@id":"https:\/\/casaroure.com\/de\/#\/schema\/person\/image\/","url":"https:\/\/casaroure.com\/wp-content\/uploads\/2024\/02\/Logo_H600x265.png","contentUrl":"https:\/\/casaroure.com\/wp-content\/uploads\/2024\/02\/Logo_H600x265.png","width":600,"height":265,"caption":"David Roure"},"logo":{"@id":"https:\/\/casaroure.com\/de\/#\/schema\/person\/image\/"}}]}},"_links":{"self":[{"href":"https:\/\/casaroure.com\/de\/wp-json\/wp\/v2\/pages\/1603","targetHints":{"allow":["GET"]}}],"collection":[{"href":"https:\/\/casaroure.com\/de\/wp-json\/wp\/v2\/pages"}],"about":[{"href":"https:\/\/casaroure.com\/de\/wp-json\/wp\/v2\/types\/page"}],"author":[{"embeddable":true,"href":"https:\/\/casaroure.com\/de\/wp-json\/wp\/v2\/users\/1"}],"replies":[{"embeddable":true,"href":"https:\/\/casaroure.com\/de\/wp-json\/wp\/v2\/comments?post=1603"}],"version-history":[{"count":12,"href":"https:\/\/casaroure.com\/de\/wp-json\/wp\/v2\/pages\/1603\/revisions"}],"predecessor-version":[{"id":2524,"href":"https:\/\/casaroure.com\/de\/wp-json\/wp\/v2\/pages\/1603\/revisions\/2524"}],"wp:attachment":[{"href":"https:\/\/casaroure.com\/de\/wp-json\/wp\/v2\/media?parent=1603"}],"curies":[{"name":"wp","href":"https:\/\/api.w.org\/{rel}","templated":true}]}}