{"id":2458,"date":"2024-11-12T10:00:48","date_gmt":"2024-11-12T10:00:48","guid":{"rendered":"https:\/\/casaroure.com\/rechtlicher-hinweis\/"},"modified":"2024-11-12T10:00:48","modified_gmt":"2024-11-12T10:00:48","slug":"rechtlicher-hinweis","status":"publish","type":"page","link":"https:\/\/casaroure.com\/de\/rechtlicher-hinweis\/","title":{"rendered":"Rechtlicher Hinweis"},"content":{"rendered":"\n<p>Aktualisiert am 24. Oktober<\/p>\n\n\n\n<p>Gem\u00e4\u00df der Informationspflicht nach Artikel 10 des Gesetzes 34\/2002 vom 11. Juli \u00fcber Dienste der Informationsgesellschaft und des elektronischen Gesch\u00e4ftsverkehrs teilen wir Ihnen mit, dass die Website und das Internetportal https:\/\/casaroure.com\/ (nachfolgend die &#8222;Website&#8220;) im Eigentum von DAVID ROURE EDMUNDO (nachfolgend CASA ROURE) steht, mit Gesch\u00e4ftssitz in Avinguda Sant Pau de Fenollet, 17 &#8211; 17251 &#8211; Calonge (Girona), mit DNI: 35042775K.<\/p>\n\n\n\n<p><strong>Kommunikation<\/strong><\/p>\n\n\n\n<p>Wir stellen Ihnen verschiedene Kontaktm\u00f6glichkeiten zur Verf\u00fcgung:<br>Telefon: +34 675 095 762<\/p>\n\n\n\n<p>e-mail: <a href=\"mailto:drek.bcn@gmail.com\">drek.bcn@gmail.com<\/a><\/p>\n\n\n\n<p>Alle Mitteilungen und Kommunikationen zwischen Nutzern und CASA ROURE gelten als rechtswirksam erfolgt, wenn sie \u00fcber einen der oben aufgef\u00fchrten Wege durchgef\u00fchrt werden.<br>Dieser rechtliche Hinweis regelt die Nutzungsbedingungen dieses Internetportals.<\/p>\n\n\n\n<p><strong>Anwendbares Recht und Gerichtsstand<\/strong><\/p>\n\n\n\n<p>Im Allgemeinen unterliegen die Beziehungen zwischen CASA ROURE und den Nutzern seiner telematischen Dienste, die auf der Website pr\u00e4sent sind, der spanischen Gesetzgebung und Gerichtsbarkeit.<\/p>\n\n\n\n<p>Die Parteien verzichten ausdr\u00fccklich auf jeden ihnen zustehenden Gerichtsstand und unterwerfen sich ausdr\u00fccklich den Gerichten von Sant Feliu de Gu\u00edxols (Girona \u2013 Spanien) zur Beilegung etwaiger Streitigkeiten, die sich aus der Auslegung oder Durchf\u00fchrung dieser Vertragsbedingungen ergeben k\u00f6nnen.<\/p>\n\n\n\n<p><strong>Nutzerakzeptanz<\/strong><\/p>\n\n\n\n<p>Dieser rechtliche Hinweis regelt den Zugang und die Nutzung der Website, die CASA ROURE Internetnutzern zur Verf\u00fcgung stellt. Als Nutzer gilt die Person, die auf die Website zugreift, sie durchsucht, nutzt oder an den Diensten und Aktivit\u00e4ten der Website teilnimmt. <\/p>\n\n\n\n<p>Der Nutzer wird dar\u00fcber informiert und akzeptiert, dass der Zugriff auf diese Website in keiner Weise den Beginn einer Gesch\u00e4ftsbeziehung mit CASA ROURE bedeutet.<\/p>\n\n\n\n<p>Der Zugriff auf und das Durchsuchen der Website durch den Nutzer impliziert die Annahme aller dieser Nutzungsbedingungen. Bei Nichteinverst\u00e4ndnis mit den Bedingungen ist von der Nutzung der Website abzusehen. <\/p>\n\n\n\n<p><strong>Zugang zur Website<\/strong><\/p>\n\n\n\n<p>Der Zugang zur Website ist f\u00fcr Nutzer kostenlos. Einige Dienste k\u00f6nnen einer vorherigen Vertragsvereinbarung unterliegen. <\/p>\n\n\n\n<p>Wenn es f\u00fcr den Nutzer erforderlich ist, personenbezogene Daten anzugeben, um auf bestimmte Dienste zuzugreifen, erfolgt die Erhebung und Verarbeitung der Daten in \u00dcbereinstimmung mit den geltenden Rechtsvorschriften, insbesondere der DSGVO. Weitere Informationen finden Sie in unserer Datenschutzerkl\u00e4rung unter https:\/\/casaroure.com\/privacy-policy\/ <\/p>\n\n\n\n<p><strong>Inhalt und Nutzung<\/strong><\/p>\n\n\n\n<p>Der Besuch der Website durch den Nutzer muss verantwortungsvoll und in \u00dcbereinstimmung mit geltendem Recht, Treu und Glauben, diesem rechtlichen Hinweis und unter Respektierung der geistigen und gewerblichen Eigentumsrechte von CASA ROURE oder anderen nat\u00fcrlichen oder juristischen Personen erfolgen.<\/p>\n\n\n\n<p>Die Nutzung der Inhalte der Website f\u00fcr rechtswidrige oder m\u00f6glicherweise rechtswidrige Zwecke ist streng untersagt, ebenso wie jede Handlung, die Sch\u00e4den oder Ver\u00e4nderungen jeglicher Art verursacht oder verursachen k\u00f6nnte, die von CASA ROURE nicht genehmigt wurden.<\/p>\n\n\n\n<p>Der Betreiber der Website identifiziert sich nicht mit den darin von seinen Mitarbeitern ge\u00e4u\u00dferten Meinungen. Das Unternehmen beh\u00e4lt sich das Recht vor, ohne vorherige Ank\u00fcndigung \u00c4nderungen vorzunehmen, die es f\u00fcr angemessen h\u00e4lt, sowohl bez\u00fcglich der Inhalte als auch der bereitgestellten Dienste sowie der Art und Weise ihrer Pr\u00e4sentation oder Lokalisierung auf den Servern. <\/p>\n\n\n\n<p>Die Nutzung jeglicher Inhalte der Website f\u00fcr illegale Zwecke ist strengstens untersagt, ebenso wie die Durchf\u00fchrung von Handlungen, die Sch\u00e4den oder \u00c4nderungen jeglicher Art an der Website oder ihren Inhalten verursachen oder verursachen k\u00f6nnen, denen CASA ROURE nicht zugestimmt hat.<\/p>\n\n\n\n<p><strong>Geistiges und gewerbliches Eigentum<\/strong><\/p>\n\n\n\n<p>Die Rechte am geistigen Eigentum der Inhalte der Webseiten, ihrer grafischen Gestaltung und Codes sind Eigentum von CASA ROURE. Daher ist ihre Vervielf\u00e4ltigung, Verbreitung, \u00f6ffentliche Wiedergabe, Umgestaltung oder jede andere T\u00e4tigkeit mit den Inhalten der Website untersagt, auch wenn die Quellen zitiert werden, es sei denn, es liegt eine vorherige ausdr\u00fcckliche schriftliche Zustimmung von CASA ROURE vor. Alle Handelsnamen, Marken oder Unterscheidungszeichen jeglicher Art, die auf den Webseiten des Unternehmens enthalten sind, sind Eigentum ihrer jeweiligen Inhaber und gesetzlich gesch\u00fctzt. <\/p>\n\n\n\n<p>CASA ROURE gew\u00e4hrt keinerlei Lizenz oder Genehmigung zur Nutzung seiner geistigen und gewerblichen Eigentumsrechte oder anderer Eigentums- oder Rechte im Zusammenhang mit der Website. In keinem Fall ist davon auszugehen, dass der Zugriff und das Durchsuchen durch Nutzer einen Verzicht, eine \u00dcbertragung, Lizenz oder vollst\u00e4ndige oder teilweise Abtretung dieser Rechte durch CASA ROURE darstellt.<\/p>\n\n\n\n<p>Jede Nutzung dieser Inhalte, die nicht zuvor von CASA ROURE genehmigt wurde, wird als schwerwiegender Versto\u00df gegen die geistigen oder gewerblichen Eigentumsrechte angesehen und f\u00fchrt zu den gesetzlich festgelegten Verantwortlichkeiten. CASA ROURE beh\u00e4lt sich das Recht vor, entsprechende rechtliche und au\u00dfergerichtliche Schritte gegen den Nutzer einzuleiten. <\/p>\n\n\n\n<p><strong>Haftung und Garantien<\/strong><\/p>\n\n\n\n<p>CASA ROURE erkl\u00e4rt, dass es die notwendigen Ma\u00dfnahmen ergriffen hat, die im Rahmen seiner M\u00f6glichkeiten und des Standes der Technik das ordnungsgem\u00e4\u00dfe Funktionieren seiner Website sowie das Fehlen von Viren und sch\u00e4dlichen Komponenten erm\u00f6glichen. Dennoch kann CASA ROURE nicht f\u00fcr folgende beispielhaft aufgef\u00fchrte, aber nicht abschlie\u00dfende Situationen haftbar gemacht werden: <\/p>\n\n\n\n<ul class=\"wp-block-list\">\n<li>Die Kontinuit\u00e4t und Verf\u00fcgbarkeit der Inhalte.<\/li>\n<\/ul>\n\n\n\n<ul class=\"wp-block-list\">\n<li>Das Fehlen von Fehlern in diesen Inhalten oder die Korrektur eventuell auftretender M\u00e4ngel.<\/li>\n<\/ul>\n\n\n\n<ul class=\"wp-block-list\">\n<li>Das Fehlen von Viren und\/oder anderen sch\u00e4dlichen Komponenten.<\/li>\n<\/ul>\n\n\n\n<ul class=\"wp-block-list\">\n<li>Die Sch\u00e4den, die durch Personen verursacht werden, die die Sicherheitssysteme von CASA ROURE verletzen.<\/li>\n\n\n\n<li>Die Nutzung, die Nutzer von den auf der Website enthaltenen Inhalten machen k\u00f6nnen.<br>Folglich garantiert CASA ROURE nicht, dass die Nutzung, die Nutzer von den auf der Website enthaltenen Inhalten machen k\u00f6nnen, diesem rechtlichen Hinweis entspricht oder dass die Nutzung der Website sorgf\u00e4ltig erfolgt. <\/li>\n<\/ul>\n\n\n\n<ul class=\"wp-block-list\">\n<li>Die Nutzung der Website durch Minderj\u00e4hrige oder die \u00dcbermittlung ihrer personenbezogenen Daten ohne Erlaubnis ihrer Erziehungsberechtigten, wobei die Erziehungsberechtigten f\u00fcr die von ihnen gemachte Internetnutzung verantwortlich sind. <\/li>\n<\/ul>\n\n\n\n<ul class=\"wp-block-list\">\n<li>Die Inhalte, auf die der Nutzer \u00fcber nicht autorisierte Links oder durch Nutzer \u00fcber Kommentare oder \u00e4hnliche Tools eingef\u00fchrte Links zugreifen kann.<br>Die Eingabe fehlerhafter Daten durch den Nutzer oder einen Dritte<\/li>\n<\/ul>\n\n\n\n<p>CASA ROURE kann die Zug\u00e4nglichkeit der Website f\u00fcr Wartungs-, Reparatur-, Aktualisierungs- oder Verbesserungsarbeiten vor\u00fcbergehend und ohne vorherige Ank\u00fcndigung aussetzen. Sofern die Umst\u00e4nde es erlauben, wird CASA ROURE den Nutzer mit ausreichender Vorlaufzeit \u00fcber das vorgesehene Datum der Aussetzung der Inhalte informieren. <\/p>\n\n\n\n<p>Ebenso verpflichtet sich CASA ROURE gem\u00e4\u00df den Artikeln 11 und 16 des Gesetzes 34\/2002 vom 11. Juli \u00fcber Dienste der Informationsgesellschaft und den elektronischen Gesch\u00e4ftsverkehr (LSSICE), Inhalte zu entfernen oder gegebenenfalls zu sperren, die gegen geltendes Recht, die Rechte Dritter oder die \u00f6ffentliche Moral und Ordnung versto\u00dfen k\u00f6nnten. <\/p>\n\n\n\n<p><strong>Cookies<\/strong><\/p>\n\n\n\n<p>CASA ROURE verwendet Cookies, um die Navigation durch die Website zu optimieren und zu personalisieren. Cookies sind physische Informationsdateien, die auf dem Endger\u00e4t des Nutzers gespeichert werden. Die durch Cookies gesammelten Informationen dienen dazu, die Navigation des Nutzers durch das Portal zu erleichtern und das Navigationserlebnis zu optimieren. Die durch Cookies erhobenen Daten k\u00f6nnen mit deren Erstellern geteilt werden, jedoch wird in keinem Fall die durch sie gewonnene Information mit personenbezogenen Daten oder Daten verkn\u00fcpft, die den Nutzer identifizieren k\u00f6nnten.  <\/p>\n\n\n\n<p>Wenn der Nutzer jedoch nicht m\u00f6chte, dass Cookies auf seiner Festplatte installiert werden, hat er die M\u00f6glichkeit, seinen Browser so zu konfigurieren, dass die Installation dieser Dateien verhindert wird. Weitere Informationen finden Sie in unserer Cookie-Richtlinie unter https:\/\/casaroure.com\/cookies-policy\/ <\/p>\n\n\n\n<p><strong>Links<\/strong><\/p>\n\n\n\n<p>Das Vorhandensein von Links auf der Website von CASA ROURE zu anderen Internetseiten dient lediglich der Information und impliziert in keinem Fall eine Empfehlung, Einladung oder Empfehlung bez\u00fcglich dieser Seiten. CASA ROURE \u00fcbernimmt keine Verantwortung f\u00fcr die Inhalte eines Links, der zu einer fremden Website geh\u00f6rt, und garantiert nicht die Zuverl\u00e4ssigkeit, Genauigkeit, Vollst\u00e4ndigkeit, Wahrhaftigkeit, G\u00fcltigkeit und technische Verf\u00fcgbarkeit. <\/p>\n\n\n\n<p>Falls andere Websites Links zur Website von CASA ROURE einrichten, ist nicht davon auszugehen, dass CASA ROURE den Link oder den Inhalt der Website, auf der sich der Link befindet, autorisiert hat. Die verkn\u00fcpfende Seite darf keine unangemessenen, diffamierenden, illegalen, obsz\u00f6nen oder rechtswidrigen Inhalte oder andere Inhalte enthalten, die gegen geltendes Recht versto\u00dfen.<\/p>\n\n\n\n<p>CASA ROURE beh\u00e4lt sich das Recht vor, den Eigent\u00fcmer der Website, auf der der Link eingerichtet ist, zu kontaktieren, wenn es der Ansicht ist, dass die Vorschriften nicht eingehalten werden, sowie entsprechende gerichtliche und au\u00dfergerichtliche Schritte einzuleiten.<\/p>\n\n\n\n<p><strong>\u00c4nderung der Bedingungen<\/strong><\/p>\n\n\n\n<p>CASA ROURE beh\u00e4lt sich ausdr\u00fccklich das Recht vor, diesen rechtlichen Hinweis einseitig, ganz oder teilweise, ohne vorherige Ank\u00fcndigung zu \u00e4ndern. Der Nutzer erkennt an und akzeptiert, dass es in seiner Verantwortung liegt, diesen rechtlichen Hinweis regelm\u00e4\u00dfig zu \u00fcberpr\u00fcfen.<br><br>Sprache<br><br>Diese \u00dcbersetzung ins Deutsche erfolgt nur aus Gr\u00fcnden der Benutzerfreundlichkeit und in Erf\u00fcllung des Rechts auf Information gem\u00e4\u00df Artikel 13 der EU-Verordnung 2016\/679 vom 27. April 2016 (DSGVO) und Artikel 11 des Organgesetzes 3\/2018 vom 5. Dezember 2018 (LOPDGDD). Im Falle von Abweichungen oder Unvereinbarkeiten zwischen der deutschen und der spanischen Version dieses rechtlichen Hinweises hat die spanische Version Vorrang. <\/p>\n","protected":false},"excerpt":{"rendered":"<p>Aktualisiert am 24. Oktober Gem\u00e4\u00df der Informationspflicht nach Artikel 10 des Gesetzes 34\/2002 vom 11. Juli \u00fcber Dienste der Informationsgesellschaft und des elektronischen Gesch\u00e4ftsverkehrs teilen wir Ihnen mit, dass die Website und das Internetportal https:\/\/casaroure.com\/ (nachfolgend die &#8222;Website&#8220;) im Eigentum von DAVID ROURE EDMUNDO (nachfolgend CASA ROURE) steht, mit Gesch\u00e4ftssitz in Avinguda Sant Pau de&#8230;<\/p>\n","protected":false},"author":1,"featured_media":0,"parent":0,"menu_order":0,"comment_status":"closed","ping_status":"closed","template":"","meta":{"_kad_post_transparent":"","_kad_post_title":"","_kad_post_layout":"","_kad_post_sidebar_id":"","_kad_post_content_style":"","_kad_post_vertical_padding":"","_kad_post_feature":"","_kad_post_feature_position":"","_kad_post_header":false,"_kad_post_footer":false,"footnotes":""},"class_list":["post-2458","page","type-page","status-publish","hentry"],"yoast_head":"<!-- This site is optimized with the Yoast SEO plugin v25.1 - https:\/\/yoast.com\/wordpress\/plugins\/seo\/ -->\n<title>Rechtlicher Hinweis - Casa Roure<\/title>\n<meta name=\"robots\" content=\"noindex, nofollow\" \/>\n<meta property=\"og:locale\" content=\"de_DE\" \/>\n<meta property=\"og:type\" content=\"article\" \/>\n<meta property=\"og:title\" content=\"Rechtlicher Hinweis - Casa Roure\" \/>\n<meta property=\"og:description\" content=\"Aktualisiert am 24. Oktober Gem\u00e4\u00df der Informationspflicht nach Artikel 10 des Gesetzes 34\/2002 vom 11. Juli \u00fcber Dienste der Informationsgesellschaft und des elektronischen Gesch\u00e4ftsverkehrs teilen wir Ihnen mit, dass die Website und das Internetportal https:\/\/casaroure.com\/ (nachfolgend die &#8222;Website&#8220;) im Eigentum von DAVID ROURE EDMUNDO (nachfolgend CASA ROURE) steht, mit Gesch\u00e4ftssitz in Avinguda Sant Pau de...\" \/>\n<meta property=\"og:url\" content=\"https:\/\/casaroure.com\/de\/rechtlicher-hinweis\/\" \/>\n<meta property=\"og:site_name\" content=\"Casa Roure\" \/>\n<meta name=\"twitter:card\" content=\"summary_large_image\" \/>\n<meta name=\"twitter:label1\" content=\"Gesch\u00e4tzte Lesezeit\" \/>\n\t<meta name=\"twitter:data1\" content=\"7\u00a0Minuten\" \/>\n<script type=\"application\/ld+json\" class=\"yoast-schema-graph\">{\"@context\":\"https:\/\/schema.org\",\"@graph\":[{\"@type\":\"WebPage\",\"@id\":\"https:\/\/casaroure.com\/de\/rechtlicher-hinweis\/\",\"url\":\"https:\/\/casaroure.com\/de\/rechtlicher-hinweis\/\",\"name\":\"Rechtlicher Hinweis - Casa Roure\",\"isPartOf\":{\"@id\":\"https:\/\/casaroure.com\/de\/#website\"},\"datePublished\":\"2024-11-12T10:00:48+00:00\",\"breadcrumb\":{\"@id\":\"https:\/\/casaroure.com\/de\/rechtlicher-hinweis\/#breadcrumb\"},\"inLanguage\":\"de\",\"potentialAction\":[{\"@type\":\"ReadAction\",\"target\":[\"https:\/\/casaroure.com\/de\/rechtlicher-hinweis\/\"]}]},{\"@type\":\"BreadcrumbList\",\"@id\":\"https:\/\/casaroure.com\/de\/rechtlicher-hinweis\/#breadcrumb\",\"itemListElement\":[{\"@type\":\"ListItem\",\"position\":1,\"name\":\"Portada\",\"item\":\"https:\/\/casaroure.com\/de\/\"},{\"@type\":\"ListItem\",\"position\":2,\"name\":\"Rechtlicher Hinweis\"}]},{\"@type\":\"WebSite\",\"@id\":\"https:\/\/casaroure.com\/de\/#website\",\"url\":\"https:\/\/casaroure.com\/de\/\",\"name\":\"Casa Roure\",\"description\":\"Alquiler vacacional en Calonge, Palam\u00f3s, Sant Atoni de Calonge, Costa Brava\",\"publisher\":{\"@id\":\"https:\/\/casaroure.com\/de\/#\/schema\/person\/18c6db1088de05d83b72c0fda51aef6b\"},\"potentialAction\":[{\"@type\":\"SearchAction\",\"target\":{\"@type\":\"EntryPoint\",\"urlTemplate\":\"https:\/\/casaroure.com\/de\/?s={search_term_string}\"},\"query-input\":{\"@type\":\"PropertyValueSpecification\",\"valueRequired\":true,\"valueName\":\"search_term_string\"}}],\"inLanguage\":\"de\"},{\"@type\":[\"Person\",\"Organization\"],\"@id\":\"https:\/\/casaroure.com\/de\/#\/schema\/person\/18c6db1088de05d83b72c0fda51aef6b\",\"name\":\"David Roure\",\"image\":{\"@type\":\"ImageObject\",\"inLanguage\":\"de\",\"@id\":\"https:\/\/casaroure.com\/de\/#\/schema\/person\/image\/\",\"url\":\"https:\/\/casaroure.com\/wp-content\/uploads\/2024\/02\/Logo_H600x265.png\",\"contentUrl\":\"https:\/\/casaroure.com\/wp-content\/uploads\/2024\/02\/Logo_H600x265.png\",\"width\":600,\"height\":265,\"caption\":\"David Roure\"},\"logo\":{\"@id\":\"https:\/\/casaroure.com\/de\/#\/schema\/person\/image\/\"}}]}<\/script>\n<!-- \/ Yoast SEO plugin. -->","yoast_head_json":{"title":"Rechtlicher Hinweis - Casa Roure","robots":{"index":"noindex","follow":"nofollow"},"og_locale":"de_DE","og_type":"article","og_title":"Rechtlicher Hinweis - Casa Roure","og_description":"Aktualisiert am 24. Oktober Gem\u00e4\u00df der Informationspflicht nach Artikel 10 des Gesetzes 34\/2002 vom 11. Juli \u00fcber Dienste der Informationsgesellschaft und des elektronischen Gesch\u00e4ftsverkehrs teilen wir Ihnen mit, dass die Website und das Internetportal https:\/\/casaroure.com\/ (nachfolgend die &#8222;Website&#8220;) im Eigentum von DAVID ROURE EDMUNDO (nachfolgend CASA ROURE) steht, mit Gesch\u00e4ftssitz in Avinguda Sant Pau de...","og_url":"https:\/\/casaroure.com\/de\/rechtlicher-hinweis\/","og_site_name":"Casa Roure","twitter_card":"summary_large_image","twitter_misc":{"Gesch\u00e4tzte Lesezeit":"7\u00a0Minuten"},"schema":{"@context":"https:\/\/schema.org","@graph":[{"@type":"WebPage","@id":"https:\/\/casaroure.com\/de\/rechtlicher-hinweis\/","url":"https:\/\/casaroure.com\/de\/rechtlicher-hinweis\/","name":"Rechtlicher Hinweis - Casa Roure","isPartOf":{"@id":"https:\/\/casaroure.com\/de\/#website"},"datePublished":"2024-11-12T10:00:48+00:00","breadcrumb":{"@id":"https:\/\/casaroure.com\/de\/rechtlicher-hinweis\/#breadcrumb"},"inLanguage":"de","potentialAction":[{"@type":"ReadAction","target":["https:\/\/casaroure.com\/de\/rechtlicher-hinweis\/"]}]},{"@type":"BreadcrumbList","@id":"https:\/\/casaroure.com\/de\/rechtlicher-hinweis\/#breadcrumb","itemListElement":[{"@type":"ListItem","position":1,"name":"Portada","item":"https:\/\/casaroure.com\/de\/"},{"@type":"ListItem","position":2,"name":"Rechtlicher Hinweis"}]},{"@type":"WebSite","@id":"https:\/\/casaroure.com\/de\/#website","url":"https:\/\/casaroure.com\/de\/","name":"Casa Roure","description":"Alquiler vacacional en Calonge, Palam\u00f3s, Sant Atoni de Calonge, Costa Brava","publisher":{"@id":"https:\/\/casaroure.com\/de\/#\/schema\/person\/18c6db1088de05d83b72c0fda51aef6b"},"potentialAction":[{"@type":"SearchAction","target":{"@type":"EntryPoint","urlTemplate":"https:\/\/casaroure.com\/de\/?s={search_term_string}"},"query-input":{"@type":"PropertyValueSpecification","valueRequired":true,"valueName":"search_term_string"}}],"inLanguage":"de"},{"@type":["Person","Organization"],"@id":"https:\/\/casaroure.com\/de\/#\/schema\/person\/18c6db1088de05d83b72c0fda51aef6b","name":"David Roure","image":{"@type":"ImageObject","inLanguage":"de","@id":"https:\/\/casaroure.com\/de\/#\/schema\/person\/image\/","url":"https:\/\/casaroure.com\/wp-content\/uploads\/2024\/02\/Logo_H600x265.png","contentUrl":"https:\/\/casaroure.com\/wp-content\/uploads\/2024\/02\/Logo_H600x265.png","width":600,"height":265,"caption":"David Roure"},"logo":{"@id":"https:\/\/casaroure.com\/de\/#\/schema\/person\/image\/"}}]}},"_links":{"self":[{"href":"https:\/\/casaroure.com\/de\/wp-json\/wp\/v2\/pages\/2458","targetHints":{"allow":["GET"]}}],"collection":[{"href":"https:\/\/casaroure.com\/de\/wp-json\/wp\/v2\/pages"}],"about":[{"href":"https:\/\/casaroure.com\/de\/wp-json\/wp\/v2\/types\/page"}],"author":[{"embeddable":true,"href":"https:\/\/casaroure.com\/de\/wp-json\/wp\/v2\/users\/1"}],"replies":[{"embeddable":true,"href":"https:\/\/casaroure.com\/de\/wp-json\/wp\/v2\/comments?post=2458"}],"version-history":[{"count":0,"href":"https:\/\/casaroure.com\/de\/wp-json\/wp\/v2\/pages\/2458\/revisions"}],"wp:attachment":[{"href":"https:\/\/casaroure.com\/de\/wp-json\/wp\/v2\/media?parent=2458"}],"curies":[{"name":"wp","href":"https:\/\/api.w.org\/{rel}","templated":true}]}}