{"id":1595,"date":"2023-12-12T08:20:54","date_gmt":"2023-12-12T08:20:54","guid":{"rendered":"https:\/\/casaroure.com\/contact-casa-roure\/"},"modified":"2024-11-15T15:39:50","modified_gmt":"2024-11-15T15:39:50","slug":"contact-casa-roure","status":"publish","type":"page","link":"https:\/\/casaroure.com\/fr\/contact-casa-roure\/","title":{"rendered":"Contact &#8211; Casa Roure"},"content":{"rendered":"\t\t<div data-elementor-type=\"wp-page\" data-elementor-id=\"1595\" class=\"elementor elementor-1595\" data-elementor-post-type=\"page\">\n\t\t\t\t<div class=\"elementor-element elementor-element-028d6cd e-flex e-con-boxed e-con e-parent\" data-id=\"028d6cd\" data-element_type=\"container\">\n\t\t\t\t\t<div class=\"e-con-inner\">\n\t\t\t\t<div class=\"elementor-element elementor-element-d4f4f86 elementor-widget elementor-widget-spacer\" data-id=\"d4f4f86\" data-element_type=\"widget\" data-widget_type=\"spacer.default\">\n\t\t\t\t<div class=\"elementor-widget-container\">\n\t\t\t\t\t\t\t<div class=\"elementor-spacer\">\n\t\t\t<div class=\"elementor-spacer-inner\"><\/div>\n\t\t<\/div>\n\t\t\t\t\t\t<\/div>\n\t\t\t\t<\/div>\n\t\t\t\t\t<\/div>\n\t\t\t\t<\/div>\n\t\t<div class=\"elementor-element elementor-element-b73a25b e-flex e-con-boxed e-con e-parent\" data-id=\"b73a25b\" data-element_type=\"container\">\n\t\t\t\t\t<div class=\"e-con-inner\">\n\t\t\t\t<div class=\"elementor-element elementor-element-6c2139a elementor-widget elementor-widget-heading\" data-id=\"6c2139a\" data-element_type=\"widget\" data-widget_type=\"heading.default\">\n\t\t\t\t<div class=\"elementor-widget-container\">\n\t\t\t\t\t<h2 class=\"elementor-heading-title elementor-size-default\">Contact - Casa Roure<\/h2>\t\t\t\t<\/div>\n\t\t\t\t<\/div>\n\t\t\t\t\t<\/div>\n\t\t\t\t<\/div>\n\t\t<div class=\"elementor-element elementor-element-f6cb486 e-flex e-con-boxed e-con e-parent\" data-id=\"f6cb486\" data-element_type=\"container\">\n\t\t\t\t\t<div class=\"e-con-inner\">\n\t\t\t\t<div class=\"elementor-element elementor-element-a7ffd64 elementor-widget elementor-widget-spacer\" data-id=\"a7ffd64\" data-element_type=\"widget\" data-widget_type=\"spacer.default\">\n\t\t\t\t<div class=\"elementor-widget-container\">\n\t\t\t\t\t\t\t<div class=\"elementor-spacer\">\n\t\t\t<div class=\"elementor-spacer-inner\"><\/div>\n\t\t<\/div>\n\t\t\t\t\t\t<\/div>\n\t\t\t\t<\/div>\n\t\t\t\t\t<\/div>\n\t\t\t\t<\/div>\n\t\t<div class=\"elementor-element elementor-element-e297faf e-flex e-con-boxed e-con e-parent\" data-id=\"e297faf\" data-element_type=\"container\">\n\t\t\t\t\t<div class=\"e-con-inner\">\n\t\t\t\t<div class=\"elementor-element elementor-element-7b3e78e elementor-widget elementor-widget-text-editor\" data-id=\"7b3e78e\" data-element_type=\"widget\" data-widget_type=\"text-editor.default\">\n\t\t\t\t<div class=\"elementor-widget-container\">\n\t\t\t\t\t\t\t\t\t<p>Personne de contact : David Roure<\/p>\n<p>Num\u00e9ro de t\u00e9l\u00e9phone de contact : +34 675 095 762<\/p>\n\t\t\t\t\t\t\t\t<\/div>\n\t\t\t\t<\/div>\n\t\t\t\t\t<\/div>\n\t\t\t\t<\/div>\n\t\t<div class=\"elementor-element elementor-element-a20d836 e-flex e-con-boxed e-con e-parent\" data-id=\"a20d836\" data-element_type=\"container\">\n\t\t\t\t\t<div class=\"e-con-inner\">\n\t\t\t\t<div class=\"elementor-element elementor-element-a63241c elementor-widget elementor-widget-spacer\" data-id=\"a63241c\" data-element_type=\"widget\" data-widget_type=\"spacer.default\">\n\t\t\t\t<div class=\"elementor-widget-container\">\n\t\t\t\t\t\t\t<div class=\"elementor-spacer\">\n\t\t\t<div class=\"elementor-spacer-inner\"><\/div>\n\t\t<\/div>\n\t\t\t\t\t\t<\/div>\n\t\t\t\t<\/div>\n\t\t\t\t\t<\/div>\n\t\t\t\t<\/div>\n\t\t<div class=\"elementor-element elementor-element-90d72ce e-flex e-con-boxed e-con e-parent\" data-id=\"90d72ce\" data-element_type=\"container\">\n\t\t\t\t\t<div class=\"e-con-inner\">\n\t\t\t\t<div class=\"elementor-element elementor-element-d4fbda6 elementor-widget elementor-widget-google_maps\" data-id=\"d4fbda6\" data-element_type=\"widget\" data-widget_type=\"google_maps.default\">\n\t\t\t\t<div class=\"elementor-widget-container\">\n\t\t\t\t\t\t\t<div class=\"elementor-custom-embed\">\n\t\t\t<iframe loading=\"lazy\"\n\t\t\t\t\tsrc=\"https:\/\/www.google.com\/maps\/embed\/v1\/place?key=AIzaSyCmt-DmEHkMnMCYJ9ftcCeR4e6dQoFrIyg&#038;q=Galcer%C3%A1n%20de%20Requesens%2C%204%20-%2017251%20Calonge%20i%20Sant%20Antoni%20%2C%20Girona%20Spain&#038;zoom=13\"\n\t\t\t\t\ttitle=\"Galcer\u00e1n de Requesens, 4 - 17251 Calonge i Sant Antoni , Girona Spain\"\n\t\t\t\t\taria-label=\"Galcer\u00e1n de Requesens, 4 - 17251 Calonge i Sant Antoni , Girona Spain\"\n\t\t\t><\/iframe>\n\t\t<\/div>\n\t\t\t\t\t\t<\/div>\n\t\t\t\t<\/div>\n\t\t\t\t\t<\/div>\n\t\t\t\t<\/div>\n\t\t<div class=\"elementor-element elementor-element-8e84d24 e-flex e-con-boxed e-con e-parent\" data-id=\"8e84d24\" data-element_type=\"container\">\n\t\t\t\t\t<div class=\"e-con-inner\">\n\t\t\t\t<div class=\"elementor-element elementor-element-27293ae elementor-widget elementor-widget-spacer\" data-id=\"27293ae\" data-element_type=\"widget\" data-widget_type=\"spacer.default\">\n\t\t\t\t<div class=\"elementor-widget-container\">\n\t\t\t\t\t\t\t<div class=\"elementor-spacer\">\n\t\t\t<div class=\"elementor-spacer-inner\"><\/div>\n\t\t<\/div>\n\t\t\t\t\t\t<\/div>\n\t\t\t\t<\/div>\n\t\t\t\t\t<\/div>\n\t\t\t\t<\/div>\n\t\t<div class=\"elementor-element elementor-element-ec6182b e-flex e-con-boxed e-con e-parent\" data-id=\"ec6182b\" data-element_type=\"container\">\n\t\t\t\t\t<div class=\"e-con-inner\">\n\t\t\t\t<div class=\"elementor-element elementor-element-c4bbac2 elementor-widget elementor-widget-heading\" data-id=\"c4bbac2\" data-element_type=\"widget\" data-widget_type=\"heading.default\">\n\t\t\t\t<div class=\"elementor-widget-container\">\n\t\t\t\t\t<h2 class=\"elementor-heading-title elementor-size-default\">Formulaire de contact - Casa Roure<\/h2>\t\t\t\t<\/div>\n\t\t\t\t<\/div>\n\t\t\t\t\t<\/div>\n\t\t\t\t<\/div>\n\t\t<div class=\"elementor-element elementor-element-e6153b0 e-flex e-con-boxed e-con e-parent\" data-id=\"e6153b0\" data-element_type=\"container\">\n\t\t\t\t\t<div class=\"e-con-inner\">\n\t\t\t\t<div class=\"elementor-element elementor-element-0272316 elementor-widget elementor-widget-text-editor\" data-id=\"0272316\" data-element_type=\"widget\" data-widget_type=\"text-editor.default\">\n\t\t\t\t<div class=\"elementor-widget-container\">\n\t\t\t\t\t\t\t\t\t<p>Si vous avez des questions, si vous souhaitez obtenir des informations suppl\u00e9mentaires ou si vous avez besoin d&rsquo;aide, n&rsquo;h\u00e9sitez pas \u00e0 me contacter en utilisant ce formulaire. Je r\u00e9pondrai dans les plus brefs d\u00e9lais.<\/p>\n\t\t\t\t\t\t\t\t<\/div>\n\t\t\t\t<\/div>\n\t\t\t\t\t<\/div>\n\t\t\t\t<\/div>\n\t\t<div class=\"elementor-element elementor-element-60da441 e-flex e-con-boxed e-con e-parent\" data-id=\"60da441\" data-element_type=\"container\">\n\t\t\t\t\t<div class=\"e-con-inner\">\n\t\t\t\t\t<\/div>\n\t\t\t\t<\/div>\n\t\t<div class=\"elementor-element elementor-element-c3115f1 e-flex e-con-boxed e-con e-parent\" data-id=\"c3115f1\" data-element_type=\"container\">\n\t\t\t\t\t<div class=\"e-con-inner\">\n\t\t\t\t<div class=\"elementor-element elementor-element-efeb1ce elementor-widget elementor-widget-spacer\" data-id=\"efeb1ce\" data-element_type=\"widget\" data-widget_type=\"spacer.default\">\n\t\t\t\t<div class=\"elementor-widget-container\">\n\t\t\t\t\t\t\t<div class=\"elementor-spacer\">\n\t\t\t<div class=\"elementor-spacer-inner\"><\/div>\n\t\t<\/div>\n\t\t\t\t\t\t<\/div>\n\t\t\t\t<\/div>\n\t\t\t\t\t<\/div>\n\t\t\t\t<\/div>\n\t\t<div class=\"elementor-element elementor-element-391cd27 e-flex e-con-boxed e-con e-parent\" data-id=\"391cd27\" data-element_type=\"container\">\n\t\t\t\t\t<div class=\"e-con-inner\">\n\t\t\t\t<div class=\"elementor-element elementor-element-1961770 elementor-widget elementor-widget-heading\" data-id=\"1961770\" data-element_type=\"widget\" data-widget_type=\"heading.default\">\n\t\t\t\t<div class=\"elementor-widget-container\">\n\t\t\t\t\t<h3 class=\"elementor-heading-title elementor-size-default\">Informations de base sur la protection des donn\u00e9es (2016\/679 RGPD et 3\/2018 LOPDGDD) :<\/h3>\t\t\t\t<\/div>\n\t\t\t\t<\/div>\n\t\t\t\t\t<\/div>\n\t\t\t\t<\/div>\n\t\t<div class=\"elementor-element elementor-element-586dfaa e-flex e-con-boxed e-con e-parent\" data-id=\"586dfaa\" data-element_type=\"container\">\n\t\t\t\t\t<div class=\"e-con-inner\">\n\t\t\t\t<div class=\"elementor-element elementor-element-f388579 elementor-widget elementor-widget-text-editor\" data-id=\"f388579\" data-element_type=\"widget\" data-widget_type=\"text-editor.default\">\n\t\t\t\t<div class=\"elementor-widget-container\">\n\t\t\t\t\t\t\t\t\t<p><strong>Responsable<\/strong>: DAVID ROURE EDMUNDO (CASA ROURE) ; <strong>Finalit\u00e9<\/strong>: Gestion administrative, comptable et commerciale de vos donn\u00e9es. ; <strong>L\u00e9gitimation<\/strong>: Consentement de l&rsquo;int\u00e9ress\u00e9, Ex\u00e9cution du contrat et Int\u00e9r\u00eat l\u00e9gitime ; <strong>Destinataires<\/strong>: Les donn\u00e9es ne seront pas c\u00e9d\u00e9es \u00e0 des tiers, sauf obligation l\u00e9gale ; <strong>Droits<\/strong>: Acc\u00e9der, rectifier et supprimer les donn\u00e9es, ainsi que d&rsquo;autres droits, comme expliqu\u00e9 dans la politique de confidentialit\u00e9 de notre site Web: <a href=\"https:\/\/casaroure.com\/fr\/politique-de-confidentialite\/\" target=\"_blank\" rel=\"noopener\">https:\/\/casaroure.com\/fr\/politique-de-confidentialite\/\u00a0<\/a>; <strong>R\u00e9vocation<\/strong>: Si vous ne souhaitez pas recevoir nos informations, veuillez nous contacter en envoyant un e-mail \u00e0 l&rsquo;adresse suivante : <a href=\"mailto:drek.bcn@gmail.com\">drek.bcn@gmail.com<\/a> en indiquant le mot UNSUBSCRIBE<\/p>\t\t\t\t\t\t\t\t<\/div>\n\t\t\t\t<\/div>\n\t\t\t\t\t<\/div>\n\t\t\t\t<\/div>\n\t\t<div class=\"elementor-element elementor-element-56c5646 e-flex e-con-boxed e-con e-parent\" data-id=\"56c5646\" data-element_type=\"container\">\n\t\t\t\t\t<div class=\"e-con-inner\">\n\t\t\t\t<div class=\"elementor-element elementor-element-2670b5d elementor-widget elementor-widget-spacer\" data-id=\"2670b5d\" data-element_type=\"widget\" data-widget_type=\"spacer.default\">\n\t\t\t\t<div class=\"elementor-widget-container\">\n\t\t\t\t\t\t\t<div class=\"elementor-spacer\">\n\t\t\t<div class=\"elementor-spacer-inner\"><\/div>\n\t\t<\/div>\n\t\t\t\t\t\t<\/div>\n\t\t\t\t<\/div>\n\t\t\t\t\t<\/div>\n\t\t\t\t<\/div>\n\t\t\t\t<\/div>\n\t\t","protected":false},"excerpt":{"rendered":"<p>Contact &#8211; Casa Roure Personne de contact : David Roure Num\u00e9ro de t\u00e9l\u00e9phone de contact : +34 675 095 762 Formulaire de contact &#8211; Casa Roure Si vous avez des questions, si vous souhaitez obtenir des informations suppl\u00e9mentaires ou si vous avez besoin d&rsquo;aide, n&rsquo;h\u00e9sitez pas \u00e0 me contacter en utilisant ce formulaire. Je r\u00e9pondrai&#8230;<\/p>\n","protected":false},"author":1,"featured_media":0,"parent":0,"menu_order":0,"comment_status":"closed","ping_status":"closed","template":"","meta":{"_kad_post_transparent":"","_kad_post_title":"","_kad_post_layout":"","_kad_post_sidebar_id":"","_kad_post_content_style":"","_kad_post_vertical_padding":"","_kad_post_feature":"","_kad_post_feature_position":"","_kad_post_header":false,"_kad_post_footer":false,"footnotes":""},"class_list":["post-1595","page","type-page","status-publish","hentry"],"yoast_head":"<!-- This site is optimized with the Yoast SEO plugin v25.1 - https:\/\/yoast.com\/wordpress\/plugins\/seo\/ -->\n<title>Contact - Casa Roure - Casa Roure<\/title>\n<meta name=\"description\" content=\"Bienvenue sur le formulaire de contact de Casa Roure. Toutes les informations n\u00e9cessaires pour contacter Casa Roure.\" \/>\n<meta name=\"robots\" content=\"index, follow, max-snippet:-1, max-image-preview:large, max-video-preview:-1\" \/>\n<link rel=\"canonical\" href=\"https:\/\/casaroure.com\/fr\/contact-casa-roure\/\" \/>\n<meta property=\"og:locale\" content=\"fr_FR\" \/>\n<meta property=\"og:type\" content=\"article\" \/>\n<meta property=\"og:title\" content=\"Contact - Casa Roure - Casa Roure\" \/>\n<meta property=\"og:description\" content=\"Bienvenue sur le formulaire de contact de Casa Roure. Toutes les informations n\u00e9cessaires pour contacter Casa Roure.\" \/>\n<meta property=\"og:url\" content=\"https:\/\/casaroure.com\/fr\/contact-casa-roure\/\" \/>\n<meta property=\"og:site_name\" content=\"Casa Roure\" \/>\n<meta property=\"article:modified_time\" content=\"2024-11-15T15:39:50+00:00\" \/>\n<meta name=\"twitter:card\" content=\"summary_large_image\" \/>\n<meta name=\"twitter:label1\" content=\"Dur\u00e9e de lecture estim\u00e9e\" \/>\n\t<meta name=\"twitter:data1\" content=\"1 minute\" \/>\n<script type=\"application\/ld+json\" class=\"yoast-schema-graph\">{\"@context\":\"https:\/\/schema.org\",\"@graph\":[{\"@type\":\"WebPage\",\"@id\":\"https:\/\/casaroure.com\/fr\/contact-casa-roure\/\",\"url\":\"https:\/\/casaroure.com\/fr\/contact-casa-roure\/\",\"name\":\"Contact - Casa Roure - Casa Roure\",\"isPartOf\":{\"@id\":\"https:\/\/casaroure.com\/fr\/#website\"},\"datePublished\":\"2023-12-12T08:20:54+00:00\",\"dateModified\":\"2024-11-15T15:39:50+00:00\",\"description\":\"Bienvenue sur le formulaire de contact de Casa Roure. Toutes les informations n\u00e9cessaires pour contacter Casa Roure.\",\"breadcrumb\":{\"@id\":\"https:\/\/casaroure.com\/fr\/contact-casa-roure\/#breadcrumb\"},\"inLanguage\":\"fr-FR\",\"potentialAction\":[{\"@type\":\"ReadAction\",\"target\":[\"https:\/\/casaroure.com\/fr\/contact-casa-roure\/\"]}]},{\"@type\":\"BreadcrumbList\",\"@id\":\"https:\/\/casaroure.com\/fr\/contact-casa-roure\/#breadcrumb\",\"itemListElement\":[{\"@type\":\"ListItem\",\"position\":1,\"name\":\"Portada\",\"item\":\"https:\/\/casaroure.com\/fr\/\"},{\"@type\":\"ListItem\",\"position\":2,\"name\":\"Contact &#8211; Casa Roure\"}]},{\"@type\":\"WebSite\",\"@id\":\"https:\/\/casaroure.com\/fr\/#website\",\"url\":\"https:\/\/casaroure.com\/fr\/\",\"name\":\"Casa Roure\",\"description\":\"Alquiler vacacional en Calonge, Palam\u00f3s, Sant Atoni de Calonge, Costa Brava\",\"publisher\":{\"@id\":\"https:\/\/casaroure.com\/fr\/#\/schema\/person\/18c6db1088de05d83b72c0fda51aef6b\"},\"potentialAction\":[{\"@type\":\"SearchAction\",\"target\":{\"@type\":\"EntryPoint\",\"urlTemplate\":\"https:\/\/casaroure.com\/fr\/?s={search_term_string}\"},\"query-input\":{\"@type\":\"PropertyValueSpecification\",\"valueRequired\":true,\"valueName\":\"search_term_string\"}}],\"inLanguage\":\"fr-FR\"},{\"@type\":[\"Person\",\"Organization\"],\"@id\":\"https:\/\/casaroure.com\/fr\/#\/schema\/person\/18c6db1088de05d83b72c0fda51aef6b\",\"name\":\"David Roure\",\"image\":{\"@type\":\"ImageObject\",\"inLanguage\":\"fr-FR\",\"@id\":\"https:\/\/casaroure.com\/fr\/#\/schema\/person\/image\/\",\"url\":\"https:\/\/casaroure.com\/wp-content\/uploads\/2024\/02\/Logo_H600x265.png\",\"contentUrl\":\"https:\/\/casaroure.com\/wp-content\/uploads\/2024\/02\/Logo_H600x265.png\",\"width\":600,\"height\":265,\"caption\":\"David Roure\"},\"logo\":{\"@id\":\"https:\/\/casaroure.com\/fr\/#\/schema\/person\/image\/\"}}]}<\/script>\n<!-- \/ Yoast SEO plugin. -->","yoast_head_json":{"title":"Contact - Casa Roure - Casa Roure","description":"Bienvenue sur le formulaire de contact de Casa Roure. Toutes les informations n\u00e9cessaires pour contacter Casa Roure.","robots":{"index":"index","follow":"follow","max-snippet":"max-snippet:-1","max-image-preview":"max-image-preview:large","max-video-preview":"max-video-preview:-1"},"canonical":"https:\/\/casaroure.com\/fr\/contact-casa-roure\/","og_locale":"fr_FR","og_type":"article","og_title":"Contact - Casa Roure - Casa Roure","og_description":"Bienvenue sur le formulaire de contact de Casa Roure. Toutes les informations n\u00e9cessaires pour contacter Casa Roure.","og_url":"https:\/\/casaroure.com\/fr\/contact-casa-roure\/","og_site_name":"Casa Roure","article_modified_time":"2024-11-15T15:39:50+00:00","twitter_card":"summary_large_image","twitter_misc":{"Dur\u00e9e de lecture estim\u00e9e":"1 minute"},"schema":{"@context":"https:\/\/schema.org","@graph":[{"@type":"WebPage","@id":"https:\/\/casaroure.com\/fr\/contact-casa-roure\/","url":"https:\/\/casaroure.com\/fr\/contact-casa-roure\/","name":"Contact - Casa Roure - Casa Roure","isPartOf":{"@id":"https:\/\/casaroure.com\/fr\/#website"},"datePublished":"2023-12-12T08:20:54+00:00","dateModified":"2024-11-15T15:39:50+00:00","description":"Bienvenue sur le formulaire de contact de Casa Roure. Toutes les informations n\u00e9cessaires pour contacter Casa Roure.","breadcrumb":{"@id":"https:\/\/casaroure.com\/fr\/contact-casa-roure\/#breadcrumb"},"inLanguage":"fr-FR","potentialAction":[{"@type":"ReadAction","target":["https:\/\/casaroure.com\/fr\/contact-casa-roure\/"]}]},{"@type":"BreadcrumbList","@id":"https:\/\/casaroure.com\/fr\/contact-casa-roure\/#breadcrumb","itemListElement":[{"@type":"ListItem","position":1,"name":"Portada","item":"https:\/\/casaroure.com\/fr\/"},{"@type":"ListItem","position":2,"name":"Contact &#8211; Casa Roure"}]},{"@type":"WebSite","@id":"https:\/\/casaroure.com\/fr\/#website","url":"https:\/\/casaroure.com\/fr\/","name":"Casa Roure","description":"Alquiler vacacional en Calonge, Palam\u00f3s, Sant Atoni de Calonge, Costa Brava","publisher":{"@id":"https:\/\/casaroure.com\/fr\/#\/schema\/person\/18c6db1088de05d83b72c0fda51aef6b"},"potentialAction":[{"@type":"SearchAction","target":{"@type":"EntryPoint","urlTemplate":"https:\/\/casaroure.com\/fr\/?s={search_term_string}"},"query-input":{"@type":"PropertyValueSpecification","valueRequired":true,"valueName":"search_term_string"}}],"inLanguage":"fr-FR"},{"@type":["Person","Organization"],"@id":"https:\/\/casaroure.com\/fr\/#\/schema\/person\/18c6db1088de05d83b72c0fda51aef6b","name":"David Roure","image":{"@type":"ImageObject","inLanguage":"fr-FR","@id":"https:\/\/casaroure.com\/fr\/#\/schema\/person\/image\/","url":"https:\/\/casaroure.com\/wp-content\/uploads\/2024\/02\/Logo_H600x265.png","contentUrl":"https:\/\/casaroure.com\/wp-content\/uploads\/2024\/02\/Logo_H600x265.png","width":600,"height":265,"caption":"David Roure"},"logo":{"@id":"https:\/\/casaroure.com\/fr\/#\/schema\/person\/image\/"}}]}},"_links":{"self":[{"href":"https:\/\/casaroure.com\/fr\/wp-json\/wp\/v2\/pages\/1595","targetHints":{"allow":["GET"]}}],"collection":[{"href":"https:\/\/casaroure.com\/fr\/wp-json\/wp\/v2\/pages"}],"about":[{"href":"https:\/\/casaroure.com\/fr\/wp-json\/wp\/v2\/types\/page"}],"author":[{"embeddable":true,"href":"https:\/\/casaroure.com\/fr\/wp-json\/wp\/v2\/users\/1"}],"replies":[{"embeddable":true,"href":"https:\/\/casaroure.com\/fr\/wp-json\/wp\/v2\/comments?post=1595"}],"version-history":[{"count":9,"href":"https:\/\/casaroure.com\/fr\/wp-json\/wp\/v2\/pages\/1595\/revisions"}],"predecessor-version":[{"id":2518,"href":"https:\/\/casaroure.com\/fr\/wp-json\/wp\/v2\/pages\/1595\/revisions\/2518"}],"wp:attachment":[{"href":"https:\/\/casaroure.com\/fr\/wp-json\/wp\/v2\/media?parent=1595"}],"curies":[{"name":"wp","href":"https:\/\/api.w.org\/{rel}","templated":true}]}}