{"id":1885,"date":"2023-11-09T05:22:36","date_gmt":"2023-11-09T05:22:36","guid":{"rendered":"https:\/\/casaroure.com\/echec-du-paiement-de-la-reservation\/"},"modified":"2023-11-09T05:22:36","modified_gmt":"2023-11-09T05:22:36","slug":"echec-du-paiement-de-la-reservation","status":"publish","type":"page","link":"https:\/\/casaroure.com\/fr\/echec-du-paiement-de-la-reservation\/","title":{"rendered":"\u00c9chec du paiement de la r\u00e9servation"},"content":{"rendered":"<p>Paiement \u00e9chou\u00e9. Veuillez nous contacter pour obtenir de l&rsquo;aide.<\/p>\n","protected":false},"excerpt":{"rendered":"<p>Paiement \u00e9chou\u00e9. Veuillez nous contacter pour obtenir de l&rsquo;aide.<\/p>\n","protected":false},"author":1,"featured_media":0,"parent":0,"menu_order":0,"comment_status":"closed","ping_status":"closed","template":"","meta":{"_kad_post_transparent":"","_kad_post_title":"","_kad_post_layout":"","_kad_post_sidebar_id":"","_kad_post_content_style":"","_kad_post_vertical_padding":"","_kad_post_feature":"","_kad_post_feature_position":"","_kad_post_header":false,"_kad_post_footer":false,"footnotes":""},"class_list":["post-1885","page","type-page","status-publish","hentry"],"yoast_head":"<!-- This site is optimized with the Yoast SEO plugin v25.1 - https:\/\/yoast.com\/wordpress\/plugins\/seo\/ -->\n<title>\u00c9chec du paiement de la r\u00e9servation - Casa Roure<\/title>\n<meta name=\"robots\" content=\"index, follow, max-snippet:-1, max-image-preview:large, max-video-preview:-1\" \/>\n<link rel=\"canonical\" href=\"https:\/\/casaroure.com\/fr\/echec-du-paiement-de-la-reservation\/\" \/>\n<meta property=\"og:locale\" content=\"fr_FR\" \/>\n<meta property=\"og:type\" content=\"article\" \/>\n<meta property=\"og:title\" content=\"\u00c9chec du paiement de la r\u00e9servation - Casa Roure\" \/>\n<meta property=\"og:description\" content=\"Paiement \u00e9chou\u00e9. Veuillez nous contacter pour obtenir de l&rsquo;aide.\" \/>\n<meta property=\"og:url\" content=\"https:\/\/casaroure.com\/fr\/echec-du-paiement-de-la-reservation\/\" \/>\n<meta property=\"og:site_name\" content=\"Casa Roure\" \/>\n<meta name=\"twitter:card\" content=\"summary_large_image\" \/>\n<script type=\"application\/ld+json\" class=\"yoast-schema-graph\">{\"@context\":\"https:\/\/schema.org\",\"@graph\":[{\"@type\":\"WebPage\",\"@id\":\"https:\/\/casaroure.com\/fr\/echec-du-paiement-de-la-reservation\/\",\"url\":\"https:\/\/casaroure.com\/fr\/echec-du-paiement-de-la-reservation\/\",\"name\":\"\u00c9chec du paiement de la r\u00e9servation - Casa Roure\",\"isPartOf\":{\"@id\":\"https:\/\/casaroure.com\/fr\/#website\"},\"datePublished\":\"2023-11-09T05:22:36+00:00\",\"breadcrumb\":{\"@id\":\"https:\/\/casaroure.com\/fr\/echec-du-paiement-de-la-reservation\/#breadcrumb\"},\"inLanguage\":\"fr-FR\",\"potentialAction\":[{\"@type\":\"ReadAction\",\"target\":[\"https:\/\/casaroure.com\/fr\/echec-du-paiement-de-la-reservation\/\"]}]},{\"@type\":\"BreadcrumbList\",\"@id\":\"https:\/\/casaroure.com\/fr\/echec-du-paiement-de-la-reservation\/#breadcrumb\",\"itemListElement\":[{\"@type\":\"ListItem\",\"position\":1,\"name\":\"Portada\",\"item\":\"https:\/\/casaroure.com\/fr\/\"},{\"@type\":\"ListItem\",\"position\":2,\"name\":\"\u00c9chec du paiement de la r\u00e9servation\"}]},{\"@type\":\"WebSite\",\"@id\":\"https:\/\/casaroure.com\/fr\/#website\",\"url\":\"https:\/\/casaroure.com\/fr\/\",\"name\":\"Casa Roure\",\"description\":\"Alquiler vacacional en Calonge, Palam\u00f3s, Sant Atoni de Calonge, Costa Brava\",\"publisher\":{\"@id\":\"https:\/\/casaroure.com\/fr\/#\/schema\/person\/18c6db1088de05d83b72c0fda51aef6b\"},\"potentialAction\":[{\"@type\":\"SearchAction\",\"target\":{\"@type\":\"EntryPoint\",\"urlTemplate\":\"https:\/\/casaroure.com\/fr\/?s={search_term_string}\"},\"query-input\":{\"@type\":\"PropertyValueSpecification\",\"valueRequired\":true,\"valueName\":\"search_term_string\"}}],\"inLanguage\":\"fr-FR\"},{\"@type\":[\"Person\",\"Organization\"],\"@id\":\"https:\/\/casaroure.com\/fr\/#\/schema\/person\/18c6db1088de05d83b72c0fda51aef6b\",\"name\":\"David Roure\",\"image\":{\"@type\":\"ImageObject\",\"inLanguage\":\"fr-FR\",\"@id\":\"https:\/\/casaroure.com\/fr\/#\/schema\/person\/image\/\",\"url\":\"https:\/\/casaroure.com\/wp-content\/uploads\/2024\/02\/Logo_H600x265.png\",\"contentUrl\":\"https:\/\/casaroure.com\/wp-content\/uploads\/2024\/02\/Logo_H600x265.png\",\"width\":600,\"height\":265,\"caption\":\"David Roure\"},\"logo\":{\"@id\":\"https:\/\/casaroure.com\/fr\/#\/schema\/person\/image\/\"}}]}<\/script>\n<!-- \/ Yoast SEO plugin. -->","yoast_head_json":{"title":"\u00c9chec du paiement de la r\u00e9servation - Casa Roure","robots":{"index":"index","follow":"follow","max-snippet":"max-snippet:-1","max-image-preview":"max-image-preview:large","max-video-preview":"max-video-preview:-1"},"canonical":"https:\/\/casaroure.com\/fr\/echec-du-paiement-de-la-reservation\/","og_locale":"fr_FR","og_type":"article","og_title":"\u00c9chec du paiement de la r\u00e9servation - Casa Roure","og_description":"Paiement \u00e9chou\u00e9. Veuillez nous contacter pour obtenir de l&rsquo;aide.","og_url":"https:\/\/casaroure.com\/fr\/echec-du-paiement-de-la-reservation\/","og_site_name":"Casa Roure","twitter_card":"summary_large_image","schema":{"@context":"https:\/\/schema.org","@graph":[{"@type":"WebPage","@id":"https:\/\/casaroure.com\/fr\/echec-du-paiement-de-la-reservation\/","url":"https:\/\/casaroure.com\/fr\/echec-du-paiement-de-la-reservation\/","name":"\u00c9chec du paiement de la r\u00e9servation - Casa Roure","isPartOf":{"@id":"https:\/\/casaroure.com\/fr\/#website"},"datePublished":"2023-11-09T05:22:36+00:00","breadcrumb":{"@id":"https:\/\/casaroure.com\/fr\/echec-du-paiement-de-la-reservation\/#breadcrumb"},"inLanguage":"fr-FR","potentialAction":[{"@type":"ReadAction","target":["https:\/\/casaroure.com\/fr\/echec-du-paiement-de-la-reservation\/"]}]},{"@type":"BreadcrumbList","@id":"https:\/\/casaroure.com\/fr\/echec-du-paiement-de-la-reservation\/#breadcrumb","itemListElement":[{"@type":"ListItem","position":1,"name":"Portada","item":"https:\/\/casaroure.com\/fr\/"},{"@type":"ListItem","position":2,"name":"\u00c9chec du paiement de la r\u00e9servation"}]},{"@type":"WebSite","@id":"https:\/\/casaroure.com\/fr\/#website","url":"https:\/\/casaroure.com\/fr\/","name":"Casa Roure","description":"Alquiler vacacional en Calonge, Palam\u00f3s, Sant Atoni de Calonge, Costa Brava","publisher":{"@id":"https:\/\/casaroure.com\/fr\/#\/schema\/person\/18c6db1088de05d83b72c0fda51aef6b"},"potentialAction":[{"@type":"SearchAction","target":{"@type":"EntryPoint","urlTemplate":"https:\/\/casaroure.com\/fr\/?s={search_term_string}"},"query-input":{"@type":"PropertyValueSpecification","valueRequired":true,"valueName":"search_term_string"}}],"inLanguage":"fr-FR"},{"@type":["Person","Organization"],"@id":"https:\/\/casaroure.com\/fr\/#\/schema\/person\/18c6db1088de05d83b72c0fda51aef6b","name":"David Roure","image":{"@type":"ImageObject","inLanguage":"fr-FR","@id":"https:\/\/casaroure.com\/fr\/#\/schema\/person\/image\/","url":"https:\/\/casaroure.com\/wp-content\/uploads\/2024\/02\/Logo_H600x265.png","contentUrl":"https:\/\/casaroure.com\/wp-content\/uploads\/2024\/02\/Logo_H600x265.png","width":600,"height":265,"caption":"David Roure"},"logo":{"@id":"https:\/\/casaroure.com\/fr\/#\/schema\/person\/image\/"}}]}},"_links":{"self":[{"href":"https:\/\/casaroure.com\/fr\/wp-json\/wp\/v2\/pages\/1885","targetHints":{"allow":["GET"]}}],"collection":[{"href":"https:\/\/casaroure.com\/fr\/wp-json\/wp\/v2\/pages"}],"about":[{"href":"https:\/\/casaroure.com\/fr\/wp-json\/wp\/v2\/types\/page"}],"author":[{"embeddable":true,"href":"https:\/\/casaroure.com\/fr\/wp-json\/wp\/v2\/users\/1"}],"replies":[{"embeddable":true,"href":"https:\/\/casaroure.com\/fr\/wp-json\/wp\/v2\/comments?post=1885"}],"version-history":[{"count":0,"href":"https:\/\/casaroure.com\/fr\/wp-json\/wp\/v2\/pages\/1885\/revisions"}],"wp:attachment":[{"href":"https:\/\/casaroure.com\/fr\/wp-json\/wp\/v2\/media?parent=1885"}],"curies":[{"name":"wp","href":"https:\/\/api.w.org\/{rel}","templated":true}]}}