{"id":2456,"date":"2024-11-12T10:00:48","date_gmt":"2024-11-12T10:00:48","guid":{"rendered":"https:\/\/casaroure.com\/mention-legale\/"},"modified":"2024-11-12T10:00:48","modified_gmt":"2024-11-12T10:00:48","slug":"mention-legale","status":"publish","type":"page","link":"https:\/\/casaroure.com\/fr\/mention-legale\/","title":{"rendered":"Mention l\u00e9gale"},"content":{"rendered":"\n<p>Mise \u00e0 jour :Oct 24<\/p>\n\n\n\n<p>Conform\u00e9ment \u00e0 l\u2019obligation d\u2019information contenue \u00e0 l\u2019article 10 de la loi 34\/2002 du 11 juillet sur les services de la soci\u00e9t\u00e9 de l\u2019information et du commerce \u00e9lectronique, nous vous informons que le site Web (ci-apr\u00e8s, le \u00abWeb\u00bb) sont la propri\u00e9t\u00e9 de DAVID ROURE EDMUNDO. (ci-apr\u00e8s CASA ROURE) avec DNI : 35042775K et dont le si\u00e8ge social est situ\u00e9 dans la Avinguda Sant Pau de Fenollet, 17 &#8211; 17251 &#8211; Calonge (Girona).<\/p>\n\n\n\n<p><strong>Communication<\/strong><\/p>\n\n\n\n<p>T\u00e9l\u00e9phone: +34 675 095 762<\/p>\n\n\n\n<p>e-mail: <a href=\"mailto:drek.bcn@gmail.com\">drek.bcn@gmail.com<\/a><\/p>\n\n\n\n<p>Les pr\u00e9sentes mentions l\u00e9gales r\u00e9gissent les conditions d&rsquo;utilisation du portail Internet susmentionn\u00e9.<\/p>\n\n\n\n<p><strong>Loi applicable et juridiction<\/strong><\/p>\n\n\n\n<p>De mani\u00e8re g\u00e9n\u00e9rale, les relations entre CASA ROURE et les utilisateurs de ses services t\u00e9l\u00e9matiques, pr\u00e9sents sur le site Internet, sont soumises \u00e0 la l\u00e9gislation et \u00e0 la juridiction espagnole.<\/p>\n\n\n\n<p>Les parties renoncent express\u00e9ment \u00e0 la comp\u00e9tence qui pourrait leur correspondre et se soumettent express\u00e9ment aux Tribunaux de Sant Feliu de Gu\u00edxols (Girona &#8211; Espagne) pour r\u00e9soudre tout diff\u00e9rend pouvant survenir dans l\u2019interpr\u00e9tation ou l\u2019ex\u00e9cution des pr\u00e9sentes conditions contractuelles.<\/p>\n\n\n\n<p><strong>Acceptation par l\u00b4utilisateur<\/strong><\/p>\n\n\n\n<p>Le pr\u00e9sent Avis L\u00e9gal r\u00e9glemente l\u2019acc\u00e8s et l\u2019utilisation du site Web que CASA ROURE met \u00e0 disposition des internautes. Un utilisateur est consid\u00e9r\u00e9 comme la personne qui acc\u00e8de, navigue, utilise ou participe aux services et activit\u00e9s du site. <\/p>\n\n\n\n<p>L\u2019utilisateur est inform\u00e9 et accepte que l\u2019acc\u00e8s \u00e0 ce site web n\u2019implique en aucune mani\u00e8re le d\u00e9but d\u2019une relation commerciale avec CASA ROURE.<\/p>\n\n\n\n<p>L\u2019acc\u00e8s et la navigation sur le site web par l\u2019utilisateur implique l\u2019acceptation de l\u2019ensemble des pr\u00e9sentes conditions d\u2019utilisation, en cas de d\u00e9saccord avec les conditions, il doit s\u2019abstenir d\u2019utiliser le site. <\/p>\n\n\n\n<p><strong>Acc\u00e8s au site web<\/strong><\/p>\n\n\n\n<p>L\u2019acc\u00e8s au site Web par les utilisateurs est gratuit et ouvert. Certains services peuvent \u00eatre soumis \u00e0 un contrat pr\u00e9alable du service. <\/p>\n\n\n\n<p>S\u2019il est n\u00e9cessaire pour l\u2019utilisateur de fournir des donn\u00e9es personnelles pour acc\u00e9der \u00e0 l\u2019un des services, la collecte et le traitement des donn\u00e9es seront effectu\u00e9s conform\u00e9ment \u00e0 la r\u00e9glementation en vigueur, en particulier avec le RGPD. Pour plus d\u2019informations, consultez notre politique de confidentialit\u00e9 https:\/\/casaroure.com\/politique-de-confidentialite\/. <\/p>\n\n\n\n<p><strong>Contenu et usage<\/strong><\/p>\n\n\n\n<p>La visite du site web par l\u2019utilisateur doit \u00eatre effectu\u00e9e de mani\u00e8re responsable et conform\u00e9ment \u00e0 la l\u00e9gislation en vigueur, de bonne foi, du pr\u00e9sent avis juridique et en respectant les droits de propri\u00e9t\u00e9 intellectuelle et industrielle appartenant \u00e0 CASA ROURE ou \u00e0 tout autre personnes physiques ou morales.<\/p>\n\n\n\n<p>L\u2019utilisation de tout contenu du site Web \u00e0 des fins qui sont ou pourraient \u00eatre ill\u00e9gales est totalement interdite, ainsi que l\u2019ex\u00e9cution de toute action qui cause ou pourrait causer des dommages ou des modifications de toute nature non consentis par CASA ROURE, \u00e0 site Web ou son contenu.<\/p>\n\n\n\n<p>Le propri\u00e9taire du site Web ne s&rsquo;identifie pas aux opinions exprim\u00e9es par ses collaborateurs. La soci\u00e9t\u00e9 se r\u00e9serve le droit d&rsquo;apporter toutes modifications qu&rsquo;elle jugera appropri\u00e9es \u00e0 son site Internet sans pr\u00e9avis, et pourra changer, supprimer ou ajouter tant le contenu et les services fournis par son interm\u00e9diaire que la mani\u00e8re dont ils sont pr\u00e9sent\u00e9s ou localis\u00e9s sur leurs serveurs. <\/p>\n\n\n\n<p>L&rsquo;utilisation de tout contenu du site Web \u00e0 des fins ill\u00e9gales est strictement interdite, ainsi que la r\u00e9alisation de toute action qui cause ou pourrait causer des dommages ou des alt\u00e9rations de toute nature, non consentis par CASA ROURE, au site Web ou \u00e0 son contenu.<\/p>\n\n\n\n<p><strong>Propri\u00e9t\u00e9 intellectuelle et industrielle<\/strong><\/p>\n\n\n\n<p>Les droits de propri\u00e9t\u00e9 intellectuelle sur le contenu des pages du site Web, leur conception graphique et leurs codes sont la propri\u00e9t\u00e9 de CASA ROURE et, par cons\u00e9quent, sa reproduction, distribution, communication publique, transformation ou toute autre activit\u00e9 r\u00e9alis\u00e9e avec le contenu du site Web est interdite, m\u00eame si les sources sont cit\u00e9es, sauf si vous avez l\u2019autorisation pr\u00e9alable, expresse et \u00e9crite de CASA ROURE. Tous les noms commerciaux, marques ou signes diff\u00e9rents de toute nature contenus dans le site Web de la soci\u00e9t\u00e9 sont la propri\u00e9t\u00e9 de leurs propri\u00e9taires et sont prot\u00e9g\u00e9s par la loi. <\/p>\n\n\n\n<p>CASA ROURE n\u2019accorde aucune licence ou autorisation d\u2019utilisation de quelque nature que ce soit sur ses droits de propri\u00e9t\u00e9 intellectuelle et industrielle ou sur toute autre propri\u00e9t\u00e9 ou droit li\u00e9 au site, et en aucun cas il ne sera entendu que l\u2019acc\u00e8s et la navigation du L\u2019Utilisateur implique une renonciation, une transmission, une licence ou une cession totale ou partielle desdits droits par CASA ROURE.<\/p>\n\n\n\n<p>Toute utilisation de ces contenus non pr\u00e9alablement autoris\u00e9e par CASA ROURE sera consid\u00e9r\u00e9e comme une violation grave des droits de propri\u00e9t\u00e9 intellectuelle ou industrielle et donnera lieu aux responsabilit\u00e9s l\u00e9galement \u00e9tablies. CASA ROURE se r\u00e9serve le droit d\u2019exercer les actions judiciaires et extrajudiciaires correspondantes contre l\u2019utilisateur. <\/p>\n\n\n\n<p><strong>Responsabilit\u00e9 et garanties<\/strong><\/p>\n\n\n\n<p>CASA ROURE d\u00e9clare avoir adopt\u00e9 les mesures n\u00e9cessaires qui, dans la limite de ses possibilit\u00e9s et de l\u2019\u00e9tat de la technologie, permettent le bon fonctionnement de son site Web, ainsi que l\u2019absence de virus et de composants nuisibles. Cependant, CASA ROURE ne peut \u00eatre tenu responsable des situations suivantes qui sont \u00e9num\u00e9r\u00e9es \u00e0 titre d\u2019exemple, mais sans s\u2019y limiter: <\/p>\n\n\n\n<ul class=\"wp-block-list\">\n<li>La continuit\u00e9 et la disponibilit\u00e9 du Contenu.<\/li>\n<\/ul>\n\n\n\n<ul class=\"wp-block-list\">\n<li>L\u2019absence d\u2019erreurs dans lesdits Contenus ni la correction de tout d\u00e9faut pouvant survenir.<\/li>\n<\/ul>\n\n\n\n<ul class=\"wp-block-list\">\n<li>L\u2019absence de virus et\/ou d\u2019autres composants nocifs.<\/li>\n<\/ul>\n\n\n\n<ul class=\"wp-block-list\">\n<li>Les dommages caus\u00e9s par toute personne qui enfreint les syst\u00e8mes de s\u00e9curit\u00e9 d\u2019CASA ROURE.<\/li>\n\n\n\n<li>L\u2019utilisation que les utilisateurs peuvent faire du contenu inclus dans le site Web. Par cons\u00e9quent, CASA ROURE ne garantit pas que l\u2019utilisation que les utilisateurs peuvent faire des contenus inclus sur le site Web, le cas \u00e9ch\u00e9ant, soit conforme \u00e0 la pr\u00e9sente notice l\u00e9gale, ni que l\u2019utilisation du site Web est effectu\u00e9e d\u2019une mani\u00e8re diligent. <\/li>\n<\/ul>\n\n\n\n<ul class=\"wp-block-list\">\n<li>L\u2019utilisation par des mineurs du site Web ou l\u2019envoi de leurs donn\u00e9es personnelles sans l\u2019autorisation de leurs tuteurs, les tuteurs \u00e9tant responsables de leur utilisation d\u2019Internet. Les contenus auxquels l\u2019utilisateur peut acc\u00e9der via des liens non autoris\u00e9s ou saisis par les utilisateurs via des commentaires ou des outils similaires. <\/li>\n<\/ul>\n\n\n\n<ul class=\"wp-block-list\">\n<li>L\u2019introduction de donn\u00e9es erron\u00e9es par l\u2019utilisateur ou un tiers.<\/li>\n<\/ul>\n\n\n\n<p>CASA ROURE peut suspendre temporairement l\u2019acc\u00e8s au site Web sans pr\u00e9avis pour des op\u00e9rations de maintenance, r\u00e9paration, mise \u00e0 jour ou am\u00e9lioration. Cependant, chaque fois que les circonstances le permettront, CASA ROURE informera l\u2019utilisateur, suffisamment \u00e0 l\u2019avance, de la date pr\u00e9vue pour la suspension du contenu. <\/p>\n\n\n\n<p>En outre, conform\u00e9ment aux art. 11 et 16 de la loi 34\/2002 du 11 juillet sur les services de la soci\u00e9t\u00e9 de l\u2019information et le commerce \u00e9lectronique (LSSICE), CASA ROURE s\u2019engage \u00e0 \u00e9liminer ou, le cas \u00e9ch\u00e9ant, bloquer les contenu qui pourrait affecter ou \u00eatre contraire \u00e0 la l\u00e9gislation en vigueur, aux droits de tiers ou \u00e0 la moralit\u00e9 et \u00e0 l\u2019ordre public. <\/p>\n\n\n\n<p><strong>Cookies<\/strong><\/p>\n\n\n\n<p>CASA ROURE utilise des cookies, afin d\u2019optimiser et de personnaliser votre navigation sur le site. Les cookies sont des fichiers physiques d\u2019informations qui sont h\u00e9berg\u00e9s dans le propre terminal de l\u2019utilisateur, les informations collect\u00e9es via les cookies servent \u00e0 faciliter la navigation de l\u2019utilisateur \u00e0 travers le portail et \u00e0 optimiser l\u2019exp\u00e9rience de navigation. Les donn\u00e9es collect\u00e9es via les cookies peuvent \u00eatre partag\u00e9es avec leurs cr\u00e9ateurs, mais en aucun cas les informations obtenues par eux ne seront associ\u00e9es \u00e0 des donn\u00e9es personnelles ou \u00e0 des donn\u00e9es permettant d\u2019identifier l\u2019utilisateur.  <\/p>\n\n\n\n<p>Cependant, si l\u2019utilisateur ne souhaite pas que des cookies soient install\u00e9s sur son disque dur, il a la possibilit\u00e9 de configurer le navigateur de mani\u00e8re \u00e0 emp\u00eacher l\u2019installation de ces fichiers. Pour plus d\u2019informations, consultez notre politique de cookies . <\/p>\n\n\n\n<p><strong>Liens (links)<\/strong><\/p>\n\n\n\n<p>La pr\u00e9sence de liens sur le site CASA ROURE vers d\u2019autres sites Internet est \u00e0 titre informatif uniquement et n\u2019implique en aucun cas une suggestion, une invitation ou une recommandation \u00e0 leur sujet. CASA ROURE n\u2019assumera pas la responsabilit\u00e9 du contenu d\u2019un lien appartenant \u00e0 un site Web tiers, ni ne garantira la fiabilit\u00e9, l\u2019exactitude, l\u2019\u00e9tendue, la v\u00e9racit\u00e9, la validit\u00e9 et la disponibilit\u00e9 technique. <\/p>\n\n\n\n<p>Dans le cas o\u00f9 d\u2019autres sites Web \u00e9tablissent des liens vers le site Web de CASA ROURE, il ne sera pas entendu que CASA ROURE a autoris\u00e9 le lien ou le contenu du site Web dans lequel le lien est contenu, Un contenu inappropri\u00e9, diffamatoire, ill\u00e9gal, obsc\u00e8ne ou illicite ne peut pas non plus \u00eatre inclus sur la page li\u00e9e, ou tout autre contenu contraire \u00e0 la l\u00e9gislation en vigueur.<\/p>\n\n\n\n<p>CASA ROURE se r\u00e9serve le droit de contacter le propri\u00e9taire du site Internet o\u00f9 le lien est \u00e9tabli s\u2019il estime que la r\u00e9glementation est enfreinte, ainsi que d\u2019exercer les actions judiciaires et extrajudiciaires correspondantes.<\/p>\n\n\n\n<p><strong>Modification des conditions<\/strong><\/p>\n\n\n\n<p>CASA ROURE se r\u00e9serve express\u00e9ment le droit de modifier unilat\u00e9ralement, totalement ou partiellement, sans pr\u00e9avis, les pr\u00e9sentes mentions l\u00e9gales. L\u2019utilisateur reconna\u00eet et accepte qu\u2019il est de sa responsabilit\u00e9 de revoir p\u00e9riodiquement cet avis juridique.<br>Langue<br>Au niveau informatif et contractuel, la langue de communication choisie, le espagnol, catalan, angles et fran\u00e7ais.<br>Cette traduction en fran\u00e7ais n&rsquo;est d\u00e9livr\u00e9e que pour des raisons commerciale et de commodit\u00e9 dans le respect du droit \u00e0 l&rsquo;information selon l&rsquo;article 13 du r\u00e8glement UE 2016\/679, du 27 avril 2016 (RGPD) et l&rsquo;article 11 de la loi organique 3\/2018, du 5 D\u00e9cembre 2018 (LOPDGDD). En cas de divergence ou d&rsquo;incompatibilit\u00e9 entre les versions fran\u00e7aise et espagnole de cette mention l\u00e9gale, pr\u00e9vaudra la version espagnole. <\/p>\n","protected":false},"excerpt":{"rendered":"<p>Mise \u00e0 jour :Oct 24 Conform\u00e9ment \u00e0 l\u2019obligation d\u2019information contenue \u00e0 l\u2019article 10 de la loi 34\/2002 du 11 juillet sur les services de la soci\u00e9t\u00e9 de l\u2019information et du commerce \u00e9lectronique, nous vous informons que le site Web (ci-apr\u00e8s, le \u00abWeb\u00bb) sont la propri\u00e9t\u00e9 de DAVID ROURE EDMUNDO. (ci-apr\u00e8s CASA ROURE) avec DNI :&#8230;<\/p>\n","protected":false},"author":1,"featured_media":0,"parent":0,"menu_order":0,"comment_status":"closed","ping_status":"closed","template":"","meta":{"_kad_post_transparent":"","_kad_post_title":"","_kad_post_layout":"","_kad_post_sidebar_id":"","_kad_post_content_style":"","_kad_post_vertical_padding":"","_kad_post_feature":"","_kad_post_feature_position":"","_kad_post_header":false,"_kad_post_footer":false,"footnotes":""},"class_list":["post-2456","page","type-page","status-publish","hentry"],"yoast_head":"<!-- This site is optimized with the Yoast SEO plugin v25.1 - https:\/\/yoast.com\/wordpress\/plugins\/seo\/ -->\n<title>Mention l\u00e9gale - Casa Roure<\/title>\n<meta name=\"robots\" content=\"noindex, nofollow\" \/>\n<meta property=\"og:locale\" content=\"fr_FR\" \/>\n<meta property=\"og:type\" content=\"article\" \/>\n<meta property=\"og:title\" content=\"Mention l\u00e9gale - Casa Roure\" \/>\n<meta property=\"og:description\" content=\"Mise \u00e0 jour :Oct 24 Conform\u00e9ment \u00e0 l\u2019obligation d\u2019information contenue \u00e0 l\u2019article 10 de la loi 34\/2002 du 11 juillet sur les services de la soci\u00e9t\u00e9 de l\u2019information et du commerce \u00e9lectronique, nous vous informons que le site Web (ci-apr\u00e8s, le \u00abWeb\u00bb) sont la propri\u00e9t\u00e9 de DAVID ROURE EDMUNDO. (ci-apr\u00e8s CASA ROURE) avec DNI :...\" \/>\n<meta property=\"og:url\" content=\"https:\/\/casaroure.com\/fr\/mention-legale\/\" \/>\n<meta property=\"og:site_name\" content=\"Casa Roure\" \/>\n<meta name=\"twitter:card\" content=\"summary_large_image\" \/>\n<meta name=\"twitter:label1\" content=\"Dur\u00e9e de lecture estim\u00e9e\" \/>\n\t<meta name=\"twitter:data1\" content=\"8 minutes\" \/>\n<script type=\"application\/ld+json\" class=\"yoast-schema-graph\">{\"@context\":\"https:\/\/schema.org\",\"@graph\":[{\"@type\":\"WebPage\",\"@id\":\"https:\/\/casaroure.com\/fr\/mention-legale\/\",\"url\":\"https:\/\/casaroure.com\/fr\/mention-legale\/\",\"name\":\"Mention l\u00e9gale - Casa Roure\",\"isPartOf\":{\"@id\":\"https:\/\/casaroure.com\/fr\/#website\"},\"datePublished\":\"2024-11-12T10:00:48+00:00\",\"breadcrumb\":{\"@id\":\"https:\/\/casaroure.com\/fr\/mention-legale\/#breadcrumb\"},\"inLanguage\":\"fr-FR\",\"potentialAction\":[{\"@type\":\"ReadAction\",\"target\":[\"https:\/\/casaroure.com\/fr\/mention-legale\/\"]}]},{\"@type\":\"BreadcrumbList\",\"@id\":\"https:\/\/casaroure.com\/fr\/mention-legale\/#breadcrumb\",\"itemListElement\":[{\"@type\":\"ListItem\",\"position\":1,\"name\":\"Portada\",\"item\":\"https:\/\/casaroure.com\/fr\/\"},{\"@type\":\"ListItem\",\"position\":2,\"name\":\"Mention l\u00e9gale\"}]},{\"@type\":\"WebSite\",\"@id\":\"https:\/\/casaroure.com\/fr\/#website\",\"url\":\"https:\/\/casaroure.com\/fr\/\",\"name\":\"Casa Roure\",\"description\":\"Alquiler vacacional en Calonge, Palam\u00f3s, Sant Atoni de Calonge, Costa Brava\",\"publisher\":{\"@id\":\"https:\/\/casaroure.com\/fr\/#\/schema\/person\/18c6db1088de05d83b72c0fda51aef6b\"},\"potentialAction\":[{\"@type\":\"SearchAction\",\"target\":{\"@type\":\"EntryPoint\",\"urlTemplate\":\"https:\/\/casaroure.com\/fr\/?s={search_term_string}\"},\"query-input\":{\"@type\":\"PropertyValueSpecification\",\"valueRequired\":true,\"valueName\":\"search_term_string\"}}],\"inLanguage\":\"fr-FR\"},{\"@type\":[\"Person\",\"Organization\"],\"@id\":\"https:\/\/casaroure.com\/fr\/#\/schema\/person\/18c6db1088de05d83b72c0fda51aef6b\",\"name\":\"David Roure\",\"image\":{\"@type\":\"ImageObject\",\"inLanguage\":\"fr-FR\",\"@id\":\"https:\/\/casaroure.com\/fr\/#\/schema\/person\/image\/\",\"url\":\"https:\/\/casaroure.com\/wp-content\/uploads\/2024\/02\/Logo_H600x265.png\",\"contentUrl\":\"https:\/\/casaroure.com\/wp-content\/uploads\/2024\/02\/Logo_H600x265.png\",\"width\":600,\"height\":265,\"caption\":\"David Roure\"},\"logo\":{\"@id\":\"https:\/\/casaroure.com\/fr\/#\/schema\/person\/image\/\"}}]}<\/script>\n<!-- \/ Yoast SEO plugin. -->","yoast_head_json":{"title":"Mention l\u00e9gale - Casa Roure","robots":{"index":"noindex","follow":"nofollow"},"og_locale":"fr_FR","og_type":"article","og_title":"Mention l\u00e9gale - Casa Roure","og_description":"Mise \u00e0 jour :Oct 24 Conform\u00e9ment \u00e0 l\u2019obligation d\u2019information contenue \u00e0 l\u2019article 10 de la loi 34\/2002 du 11 juillet sur les services de la soci\u00e9t\u00e9 de l\u2019information et du commerce \u00e9lectronique, nous vous informons que le site Web (ci-apr\u00e8s, le \u00abWeb\u00bb) sont la propri\u00e9t\u00e9 de DAVID ROURE EDMUNDO. (ci-apr\u00e8s CASA ROURE) avec DNI :...","og_url":"https:\/\/casaroure.com\/fr\/mention-legale\/","og_site_name":"Casa Roure","twitter_card":"summary_large_image","twitter_misc":{"Dur\u00e9e de lecture estim\u00e9e":"8 minutes"},"schema":{"@context":"https:\/\/schema.org","@graph":[{"@type":"WebPage","@id":"https:\/\/casaroure.com\/fr\/mention-legale\/","url":"https:\/\/casaroure.com\/fr\/mention-legale\/","name":"Mention l\u00e9gale - Casa Roure","isPartOf":{"@id":"https:\/\/casaroure.com\/fr\/#website"},"datePublished":"2024-11-12T10:00:48+00:00","breadcrumb":{"@id":"https:\/\/casaroure.com\/fr\/mention-legale\/#breadcrumb"},"inLanguage":"fr-FR","potentialAction":[{"@type":"ReadAction","target":["https:\/\/casaroure.com\/fr\/mention-legale\/"]}]},{"@type":"BreadcrumbList","@id":"https:\/\/casaroure.com\/fr\/mention-legale\/#breadcrumb","itemListElement":[{"@type":"ListItem","position":1,"name":"Portada","item":"https:\/\/casaroure.com\/fr\/"},{"@type":"ListItem","position":2,"name":"Mention l\u00e9gale"}]},{"@type":"WebSite","@id":"https:\/\/casaroure.com\/fr\/#website","url":"https:\/\/casaroure.com\/fr\/","name":"Casa Roure","description":"Alquiler vacacional en Calonge, Palam\u00f3s, Sant Atoni de Calonge, Costa Brava","publisher":{"@id":"https:\/\/casaroure.com\/fr\/#\/schema\/person\/18c6db1088de05d83b72c0fda51aef6b"},"potentialAction":[{"@type":"SearchAction","target":{"@type":"EntryPoint","urlTemplate":"https:\/\/casaroure.com\/fr\/?s={search_term_string}"},"query-input":{"@type":"PropertyValueSpecification","valueRequired":true,"valueName":"search_term_string"}}],"inLanguage":"fr-FR"},{"@type":["Person","Organization"],"@id":"https:\/\/casaroure.com\/fr\/#\/schema\/person\/18c6db1088de05d83b72c0fda51aef6b","name":"David Roure","image":{"@type":"ImageObject","inLanguage":"fr-FR","@id":"https:\/\/casaroure.com\/fr\/#\/schema\/person\/image\/","url":"https:\/\/casaroure.com\/wp-content\/uploads\/2024\/02\/Logo_H600x265.png","contentUrl":"https:\/\/casaroure.com\/wp-content\/uploads\/2024\/02\/Logo_H600x265.png","width":600,"height":265,"caption":"David Roure"},"logo":{"@id":"https:\/\/casaroure.com\/fr\/#\/schema\/person\/image\/"}}]}},"_links":{"self":[{"href":"https:\/\/casaroure.com\/fr\/wp-json\/wp\/v2\/pages\/2456","targetHints":{"allow":["GET"]}}],"collection":[{"href":"https:\/\/casaroure.com\/fr\/wp-json\/wp\/v2\/pages"}],"about":[{"href":"https:\/\/casaroure.com\/fr\/wp-json\/wp\/v2\/types\/page"}],"author":[{"embeddable":true,"href":"https:\/\/casaroure.com\/fr\/wp-json\/wp\/v2\/users\/1"}],"replies":[{"embeddable":true,"href":"https:\/\/casaroure.com\/fr\/wp-json\/wp\/v2\/comments?post=2456"}],"version-history":[{"count":0,"href":"https:\/\/casaroure.com\/fr\/wp-json\/wp\/v2\/pages\/2456\/revisions"}],"wp:attachment":[{"href":"https:\/\/casaroure.com\/fr\/wp-json\/wp\/v2\/media?parent=2456"}],"curies":[{"name":"wp","href":"https:\/\/api.w.org\/{rel}","templated":true}]}}