{"id":2472,"date":"2023-10-28T14:20:11","date_gmt":"2023-10-28T14:20:11","guid":{"rendered":"https:\/\/casaroure.com\/politique-de-cookies\/"},"modified":"2023-10-28T14:20:11","modified_gmt":"2023-10-28T14:20:11","slug":"politique-de-cookies","status":"publish","type":"page","link":"https:\/\/casaroure.com\/fr\/politique-de-cookies\/","title":{"rendered":"Politique de cookies"},"content":{"rendered":"\n<p><strong>Politique de cookies<\/strong><\/p>\n\n\n\n<p><em>Mise \u00e0 jour::<\/em>oct.-24<\/p>\n\n\n\n<p>Le site web https:\/\/casaroure.com\/ est sous la responsabilit\u00e9 de DAVID ROURE EDMUNDO (ci-apr\u00e8s CASA ROURE), avec DNI : 35042775K et si\u00e8ge social \u00e0 Avinguda Sant Pau de Fenollet, 17 &#8211; 17251 &#8211; Calonge (Girona), et adresse e-mail: drek.bcn@gmail.com.<\/p>\n\n\n\n<p>En cons\u00e9quence, l&rsquo;utilisation de cookies applique cette \u00abPolitique d&rsquo;utilisation des cookies\u00bb qui a \u00e9t\u00e9 pr\u00e9par\u00e9e afin que l&rsquo;utilisateur soit inform\u00e9 des diff\u00e9rentes utilisations qui sont effectu\u00e9es sur ces appareils et puisse consentir \u00e0 leur traitement de mani\u00e8re inform\u00e9e, conform\u00e9ment aux dispositions de la l\u00e9gislation en vigueur.<\/p>\n\n\n\n<p><strong>Qu&rsquo;est-ce qu&rsquo;un cookie et \u00e0 quoi sert-il?<\/strong><\/p>\n\n\n\n<p>En g\u00e9n\u00e9ral, nous vous informons qu&rsquo;un cookie est un fichier qui est t\u00e9l\u00e9charg\u00e9 sur votre ordinateur lorsque l&rsquo;utilisateur acc\u00e8de \u00e0 certaines pages Web. Les cookies permettent, entre autres, \u00e0 une page Web de stocker et de r\u00e9cup\u00e9rer des informations sur les habitudes de navigation d&rsquo;un utilisateur ou de son \u00e9quipement et, en fonction des informations qu&rsquo;ils contiennent et de la mani\u00e8re dont ils utilisent leur \u00e9quipement, ils peuvent \u00eatre utilis\u00e9s pour reconna\u00eetre l&rsquo;utilisateur. <\/p>\n\n\n\n<p><strong>Quels types de cookies sont couramment utilis\u00e9s?<\/strong><\/p>\n\n\n\n<p>Ensuite, nous pr\u00e9sentons une classification des cookies couramment utilis\u00e9s selon diff\u00e9rents types<\/p>\n\n\n\n<p>En fonction du responsable, de la dur\u00e9e de leur s\u00e9jour et de la finalit\u00e9 de leur utilisation:<\/p>\n\n\n\n<ul class=\"wp-block-list\">\n<li>Cookies de session. Il s&rsquo;agit d&rsquo;un type de cookies con\u00e7us pour collecter et stocker des donn\u00e9es lorsque l&rsquo;utilisateur acc\u00e8de \u00e0 une page Web. <\/li>\n\n\n\n<li>Cookies permanents : Il s&rsquo;agit d&rsquo;un type de cookies dans lesquels les donn\u00e9es continuent d&rsquo;\u00eatre stock\u00e9es dans le terminal et peuvent \u00eatre consult\u00e9es et trait\u00e9es pendant une p\u00e9riode d\u00e9finie par le responsable du cookie.<\/li>\n<\/ul>\n\n\n\n<p>Selon le propri\u00e9taire:<\/p>\n\n\n\n<ul class=\"wp-block-list\">\n<li>Propres cookies. Ce sont ceux qui appartiennent \u00e0 CASA ROURE <\/li>\n\n\n\n<li>Cookies tiers. Ce sont ceux dont la propri\u00e9t\u00e9 est un tiers, autre que CASA ROURE, qui sera celui qui traitera les informations collect\u00e9es. <\/li>\n<\/ul>\n\n\n\n<p>Selon sa finalit\u00e9 :<\/p>\n\n\n\n<ul class=\"wp-block-list\">\n<li>Cookies techniques et\/ou de personnalisation. Ce sont ceux qui servent \u00e0 am\u00e9liorer le service, localiser les incidents, reconna\u00eetre l&rsquo;utilisateur, etc. <\/li>\n\n\n\n<li>Cookies d\u2019analyse et\/ou publicitaires. Ce sont ceux qui servent \u00e0 analyser les informations relatives \u00e0 la navigation et \u00e0 proposer des publicit\u00e9s, qu&rsquo;elles soient g\u00e9n\u00e9riques ou personnalis\u00e9es. <\/li>\n<\/ul>\n\n\n\n<p><strong>Quels types de cookies sont les plus courants?<\/strong><\/p>\n\n\n\n<p>TECHNIQUE : Il s&rsquo;agit de PROPRES cookies, de session, d&rsquo;identification, de configuration et d&rsquo;enregistrement, strictement n\u00e9cessaires \u00e0 l&rsquo;identification de l&rsquo;utilisateur et \u00e0 la fourniture des services demand\u00e9s par l&rsquo;utilisateur. Les informations obtenues par leur interm\u00e9diaire sont trait\u00e9es uniquement par CASA ROURE <\/p>\n\n\n\n<p>ANALYSE : Ce sont ceux qui, qu&rsquo;ils soient trait\u00e9s par nous ou par des tiers, nous permettent de quantifier le nombre d&rsquo;utilisateurs et ainsi de r\u00e9aliser la mesure et l&rsquo;analyse statistique de l&rsquo;utilisation faite par les utilisateurs du service propos\u00e9. Pour ce faire, votre navigation sur notre site Internet est analys\u00e9e afin d&rsquo;am\u00e9liorer la gamme de produits ou services que nous proposons. <\/p>\n\n\n\n<p>PUBLICIT\u00c9 : ce sont celles qui, qu&rsquo;elles soient trait\u00e9es par nous ou par des tiers, permettent de g\u00e9rer, de la mani\u00e8re la plus efficace possible, les espaces publicitaires qui pourraient \u00eatre inclus sur notre site Web et\/ou de stocker des informations sur le comportement des utilisateurs obtenues gr\u00e2ce \u00e0 la poursuite observation. Gr\u00e2ce \u00e0 eux, nous pouvons conna\u00eetre vos habitudes de navigation sur Internet et vous montrer des publicit\u00e9s li\u00e9es \u00e0 votre profil de navigation. <\/p>\n\n\n\n<p><strong>A quoi sert un cookie?<\/strong><\/p>\n\n\n\n<p>Les cookies sont utilis\u00e9s pour pouvoir vous proposer des services personnalis\u00e9s et\/ou des publicit\u00e9s, analyser le fonctionnement du syst\u00e8me, vous reconna\u00eetre lorsque vous acc\u00e9dez en tant qu&rsquo;utilisateur, localiser les incidents et probl\u00e8mes qui peuvent survenir et les r\u00e9soudre dans les plus brefs d\u00e9lais, ainsi que ainsi qu&rsquo;analyser et mesurer l&rsquo;utilisation et l&rsquo;activit\u00e9 du site Web.<\/p>\n\n\n\n<p><strong>Mon consentement est-il requis pour d\u00e9poser un cookie?<\/strong><\/p>\n\n\n\n<p>Le consentement n&rsquo;est pas requis pour l&rsquo;installation de cookies techniques ou strictement n\u00e9cessaires \u00e0 la fourniture d&rsquo;un service de la soci\u00e9t\u00e9 de l&rsquo;information express\u00e9ment demand\u00e9 par le destinataire.<\/p>\n\n\n\n<p>Pour le reste, le consentement de l&rsquo;int\u00e9ress\u00e9 est requis, qui peut \u00eatre demand\u00e9 de diff\u00e9rentes mani\u00e8res. Dans le cas de CASA ROURE, celui-ci sera r\u00e9put\u00e9 accord\u00e9 si vous acceptez les cookies facultatifs non n\u00e9cessaires au fonctionnement du site Internet et vous pourrez r\u00e9voquer votre consentement et d\u00e9sactiver les cookies en entrant dans la section \u00ab comment d\u00e9sactiver les cookies \u00bb \u00e0 la fin de ce document. <\/p>\n\n\n\n<p><strong>Quels types de cookies ce site Web utilise-t-il?<\/strong><\/p>\n\n\n\n<p>Cookies techniques : Ce sont ceux cr\u00e9\u00e9s et g\u00e9r\u00e9s uniquement par nos soins et qui permettent \u00e0 l&rsquo;utilisateur de naviguer sur notre site Internet et d&rsquo;utiliser les diff\u00e9rentes options comme, par exemple, l&rsquo;identification de la session, la personnalisation des informations ou l&rsquo;acc\u00e8s \u00e0 des zones d&rsquo;acc\u00e8s restreint.<\/p>\n\n\n\n<p>Le site CASA ROURE utilise Google Analytics, un outil d&rsquo;analyse Web d\u00e9velopp\u00e9 par Google, qui aide les propri\u00e9taires de sites Web \u00e0 mesurer la mani\u00e8re dont les utilisateurs interagissent avec le contenu du site. Pour fournir ces services, Google Analytics utilise des cookies qui collectent des informations, y compris l&rsquo;adresse IP de l&rsquo;utilisateur, qui seront transmises, trait\u00e9es et stock\u00e9es par Google dans les conditions \u00e9tablies sur le site Google.com. <\/p>\n\n\n\n<p>Pour plus d&rsquo;informations, voir:<\/p>\n\n\n\n<p><a href=\"https:\/\/developers.google.com\/analytics\/devguides\/collection\/analyticsjs\/cookie-usage\">https:\/\/developers.google.com\/analytics\/devguides\/collection\/analyticsjs\/cookie-usage<\/a><\/p>\n\n\n\n<p>Le domaine web https:\/\/casaroure.com\/ utilise les cookies suivants :<\/p>\n\n\n\n<figure class=\"wp-block-table\"><table class=\"has-fixed-layout\"><tbody><tr><td><em>Propri\u00e9t\u00e9<\/em><\/td><td><em>Nom du cookie<\/em><\/td><td><em>Objectif<\/em><\/td><td><em>Expire<\/em><\/td><\/tr><tr><td>https:\/\/casaroure.com\/<\/td><td>PHPSESSID<br><\/td><td>Gr\u00e2ce au contenu de ce cookie, le serveur identifie l&rsquo;espace o\u00f9 sont stock\u00e9s tous les contenus de la session.<br><\/td><td>Quand le site Web ferme<\/td><\/tr><tr><td>https:\/\/casaroure.com\/<\/td><td>wpEmojiSettingsSupports<br><\/td><td>Stocke la langue actuelle. Ce cookie est d\u00e9fini uniquement pour les utilisateurs enregistr\u00e9s. <br><\/td><td>La s\u00e9ance.<\/td><\/tr><tr><td>https:\/\/casaroure.com\/<\/td><td>WP-WPML_CURRENT_LANGUAGE<br><\/td><td>Aide \u00e0 d\u00e9terminer si le navigateur de l&rsquo;utilisateur peut afficher correctement les emojis.<br><\/td><td>1 jour<\/td><\/tr><\/tbody><\/table><\/figure>\n\n\n\n<p><strong>Comment d\u00e9sactiver les cookies ?<\/strong><\/p>\n\n\n\n<p>Vous pouvez autoriser, bloquer ou supprimer les cookies install\u00e9s sur votre ordinateur en configurant les options du navigateur install\u00e9 sur votre ordinateur.<\/p>\n\n\n\n<ul class=\"wp-block-list\">\n<li>Firefox : <a href=\"https:\/\/support.mozilla.org\/es\/kb\/habilitar-y-deshabilitar-cookies-sitios-web-rastrear-preferencias?redirectlocale=es&amp;redirectslug=habilitar-y-deshabilitar-cookies-que-los-sitios-we\">https:\/\/support.mozilla.org\/es\/kb\/habilitar-y-deshabilitar-cookies-sitios-web-rastrear-preferencias?redirectlocale=es&amp;redirectslug=habilitar-y-deshabilitar-cookies-que-los-sitios-we<\/a><\/li>\n\n\n\n<li>Chrome: <a href=\"https:\/\/support.google.com\/chrome\/answer\/95647?hl=es\">https:\/\/support.google.com\/chrome\/answer\/95647?hl=es<\/a><\/li>\n<\/ul>\n\n\n\n<ul class=\"wp-block-list\">\n<li>Internet Explorer: <a href=\"https:\/\/support.microsoft.com\/es-es\/products\/windows?os=windows-10\">https:\/\/support.microsoft.com\/es-es\/products\/windows?os=windows-10<\/a><\/li>\n<\/ul>\n\n\n\n<ul class=\"wp-block-list\">\n<li>Safari: <a href=\"https:\/\/support.apple.com\/kb\/ph5042?locale=es_ES\">https:\/\/support.apple.com\/kb\/ph5042?locale=es_ES<\/a><\/li>\n<\/ul>\n\n\n\n<ul class=\"wp-block-list\">\n<li>Safari para iOS: <a href=\"https:\/\/support.apple.com\/es-es\/HT201265\">https:\/\/support.apple.com\/es-es\/HT201265<\/a><\/li>\n<\/ul>\n\n\n\n<ul class=\"wp-block-list\">\n<li>Opera: <a href=\"http:\/\/help.opera.com\/Windows\/11.50\/es-ES\/cookies.html\">http:\/\/help.opera.com\/Windows\/11.50\/es-ES\/cookies.html<\/a><\/li>\n<\/ul>\n\n\n\n<p><strong>Exercice des droits<\/strong><\/p>\n\n\n\n<p>Vous pouvez conna\u00eetre et exercer vos droits en mati\u00e8re de protection des donn\u00e9es en acc\u00e9dant \u00e0 notre politique de confidentialit\u00e9 https:\/\/casaroure.com\/\/politica-de-privacidad\/<\/p>\n\n\n\n<p><strong>Informations compl\u00e9mentaires<\/strong><\/p>\n\n\n\n<p>Vous pouvez consulter plus d&rsquo;informations dans le guide d&rsquo;utilisation des cookies \u00e9dit\u00e9 par l&rsquo;AGPD \u00e0 l&rsquo;adresse: <a href=\"https:\/\/www.aepd.es\/es\/documento\/guia-cookies.pdf\">https:\/\/www.aepd.es\/es\/documento\/guia-cookies.pdf<\/a><br><br>Langue<br><br>Au niveau informatif et contractuel, la langue de communication choisie, le espagnol, catalan, angles et fran\u00e7ais.<br>Cette traduction en fran\u00e7ais n&rsquo;est d\u00e9livr\u00e9e que pour des raisons commerciale et de commodit\u00e9 dans le respect du droit \u00e0 l&rsquo;information selon l&rsquo;article 13 du r\u00e8glement UE 2016\/679, du 27 avril 2016 (RGPD) et l&rsquo;article 11 de la loi organique 3\/2018, du 5 D\u00e9cembre 2018 (LOPDGDD). En cas de divergence ou d&rsquo;incompatibilit\u00e9 entre les versions fran\u00e7aise et espagnole de cette mention l\u00e9gale, pr\u00e9vaudra la version espagnole.<\/p>\n","protected":false},"excerpt":{"rendered":"<p>Politique de cookies Mise \u00e0 jour::oct.-24 Le site web https:\/\/casaroure.com\/ est sous la responsabilit\u00e9 de DAVID ROURE EDMUNDO (ci-apr\u00e8s CASA ROURE), avec DNI : 35042775K et si\u00e8ge social \u00e0 Avinguda Sant Pau de Fenollet, 17 &#8211; 17251 &#8211; Calonge (Girona), et adresse e-mail: drek.bcn@gmail.com. En cons\u00e9quence, l&rsquo;utilisation de cookies applique cette \u00abPolitique d&rsquo;utilisation des cookies\u00bb&#8230;<\/p>\n","protected":false},"author":1,"featured_media":0,"parent":0,"menu_order":0,"comment_status":"closed","ping_status":"closed","template":"","meta":{"_kad_post_transparent":"","_kad_post_title":"","_kad_post_layout":"","_kad_post_sidebar_id":"","_kad_post_content_style":"","_kad_post_vertical_padding":"","_kad_post_feature":"","_kad_post_feature_position":"","_kad_post_header":false,"_kad_post_footer":false,"footnotes":""},"class_list":["post-2472","page","type-page","status-publish","hentry"],"yoast_head":"<!-- This site is optimized with the Yoast SEO plugin v25.1 - https:\/\/yoast.com\/wordpress\/plugins\/seo\/ -->\n<title>Politique de cookies - Casa Roure<\/title>\n<meta name=\"robots\" content=\"index, follow, max-snippet:-1, max-image-preview:large, max-video-preview:-1\" \/>\n<link rel=\"canonical\" href=\"https:\/\/casaroure.com\/fr\/politique-de-cookies\/\" \/>\n<meta property=\"og:locale\" content=\"fr_FR\" \/>\n<meta property=\"og:type\" content=\"article\" \/>\n<meta property=\"og:title\" content=\"Politique de cookies - Casa Roure\" \/>\n<meta property=\"og:description\" content=\"Politique de cookies Mise \u00e0 jour::oct.-24 Le site web https:\/\/casaroure.com\/ est sous la responsabilit\u00e9 de DAVID ROURE EDMUNDO (ci-apr\u00e8s CASA ROURE), avec DNI : 35042775K et si\u00e8ge social \u00e0 Avinguda Sant Pau de Fenollet, 17 &#8211; 17251 &#8211; Calonge (Girona), et adresse e-mail: drek.bcn@gmail.com. En cons\u00e9quence, l&rsquo;utilisation de cookies applique cette \u00abPolitique d&rsquo;utilisation des cookies\u00bb...\" \/>\n<meta property=\"og:url\" content=\"https:\/\/casaroure.com\/fr\/politique-de-cookies\/\" \/>\n<meta property=\"og:site_name\" content=\"Casa Roure\" \/>\n<meta name=\"twitter:card\" content=\"summary_large_image\" \/>\n<meta name=\"twitter:label1\" content=\"Dur\u00e9e de lecture estim\u00e9e\" \/>\n\t<meta name=\"twitter:data1\" content=\"6 minutes\" \/>\n<script type=\"application\/ld+json\" class=\"yoast-schema-graph\">{\"@context\":\"https:\/\/schema.org\",\"@graph\":[{\"@type\":\"WebPage\",\"@id\":\"https:\/\/casaroure.com\/fr\/politique-de-cookies\/\",\"url\":\"https:\/\/casaroure.com\/fr\/politique-de-cookies\/\",\"name\":\"Politique de cookies - Casa Roure\",\"isPartOf\":{\"@id\":\"https:\/\/casaroure.com\/fr\/#website\"},\"datePublished\":\"2023-10-28T14:20:11+00:00\",\"breadcrumb\":{\"@id\":\"https:\/\/casaroure.com\/fr\/politique-de-cookies\/#breadcrumb\"},\"inLanguage\":\"fr-FR\",\"potentialAction\":[{\"@type\":\"ReadAction\",\"target\":[\"https:\/\/casaroure.com\/fr\/politique-de-cookies\/\"]}]},{\"@type\":\"BreadcrumbList\",\"@id\":\"https:\/\/casaroure.com\/fr\/politique-de-cookies\/#breadcrumb\",\"itemListElement\":[{\"@type\":\"ListItem\",\"position\":1,\"name\":\"Portada\",\"item\":\"https:\/\/casaroure.com\/fr\/\"},{\"@type\":\"ListItem\",\"position\":2,\"name\":\"Politique de cookies\"}]},{\"@type\":\"WebSite\",\"@id\":\"https:\/\/casaroure.com\/fr\/#website\",\"url\":\"https:\/\/casaroure.com\/fr\/\",\"name\":\"Casa Roure\",\"description\":\"Alquiler vacacional en Calonge, Palam\u00f3s, Sant Atoni de Calonge, Costa Brava\",\"publisher\":{\"@id\":\"https:\/\/casaroure.com\/fr\/#\/schema\/person\/18c6db1088de05d83b72c0fda51aef6b\"},\"potentialAction\":[{\"@type\":\"SearchAction\",\"target\":{\"@type\":\"EntryPoint\",\"urlTemplate\":\"https:\/\/casaroure.com\/fr\/?s={search_term_string}\"},\"query-input\":{\"@type\":\"PropertyValueSpecification\",\"valueRequired\":true,\"valueName\":\"search_term_string\"}}],\"inLanguage\":\"fr-FR\"},{\"@type\":[\"Person\",\"Organization\"],\"@id\":\"https:\/\/casaroure.com\/fr\/#\/schema\/person\/18c6db1088de05d83b72c0fda51aef6b\",\"name\":\"David Roure\",\"image\":{\"@type\":\"ImageObject\",\"inLanguage\":\"fr-FR\",\"@id\":\"https:\/\/casaroure.com\/fr\/#\/schema\/person\/image\/\",\"url\":\"https:\/\/casaroure.com\/wp-content\/uploads\/2024\/02\/Logo_H600x265.png\",\"contentUrl\":\"https:\/\/casaroure.com\/wp-content\/uploads\/2024\/02\/Logo_H600x265.png\",\"width\":600,\"height\":265,\"caption\":\"David Roure\"},\"logo\":{\"@id\":\"https:\/\/casaroure.com\/fr\/#\/schema\/person\/image\/\"}}]}<\/script>\n<!-- \/ Yoast SEO plugin. -->","yoast_head_json":{"title":"Politique de cookies - Casa Roure","robots":{"index":"index","follow":"follow","max-snippet":"max-snippet:-1","max-image-preview":"max-image-preview:large","max-video-preview":"max-video-preview:-1"},"canonical":"https:\/\/casaroure.com\/fr\/politique-de-cookies\/","og_locale":"fr_FR","og_type":"article","og_title":"Politique de cookies - Casa Roure","og_description":"Politique de cookies Mise \u00e0 jour::oct.-24 Le site web https:\/\/casaroure.com\/ est sous la responsabilit\u00e9 de DAVID ROURE EDMUNDO (ci-apr\u00e8s CASA ROURE), avec DNI : 35042775K et si\u00e8ge social \u00e0 Avinguda Sant Pau de Fenollet, 17 &#8211; 17251 &#8211; Calonge (Girona), et adresse e-mail: drek.bcn@gmail.com. En cons\u00e9quence, l&rsquo;utilisation de cookies applique cette \u00abPolitique d&rsquo;utilisation des cookies\u00bb...","og_url":"https:\/\/casaroure.com\/fr\/politique-de-cookies\/","og_site_name":"Casa Roure","twitter_card":"summary_large_image","twitter_misc":{"Dur\u00e9e de lecture estim\u00e9e":"6 minutes"},"schema":{"@context":"https:\/\/schema.org","@graph":[{"@type":"WebPage","@id":"https:\/\/casaroure.com\/fr\/politique-de-cookies\/","url":"https:\/\/casaroure.com\/fr\/politique-de-cookies\/","name":"Politique de cookies - Casa Roure","isPartOf":{"@id":"https:\/\/casaroure.com\/fr\/#website"},"datePublished":"2023-10-28T14:20:11+00:00","breadcrumb":{"@id":"https:\/\/casaroure.com\/fr\/politique-de-cookies\/#breadcrumb"},"inLanguage":"fr-FR","potentialAction":[{"@type":"ReadAction","target":["https:\/\/casaroure.com\/fr\/politique-de-cookies\/"]}]},{"@type":"BreadcrumbList","@id":"https:\/\/casaroure.com\/fr\/politique-de-cookies\/#breadcrumb","itemListElement":[{"@type":"ListItem","position":1,"name":"Portada","item":"https:\/\/casaroure.com\/fr\/"},{"@type":"ListItem","position":2,"name":"Politique de cookies"}]},{"@type":"WebSite","@id":"https:\/\/casaroure.com\/fr\/#website","url":"https:\/\/casaroure.com\/fr\/","name":"Casa Roure","description":"Alquiler vacacional en Calonge, Palam\u00f3s, Sant Atoni de Calonge, Costa Brava","publisher":{"@id":"https:\/\/casaroure.com\/fr\/#\/schema\/person\/18c6db1088de05d83b72c0fda51aef6b"},"potentialAction":[{"@type":"SearchAction","target":{"@type":"EntryPoint","urlTemplate":"https:\/\/casaroure.com\/fr\/?s={search_term_string}"},"query-input":{"@type":"PropertyValueSpecification","valueRequired":true,"valueName":"search_term_string"}}],"inLanguage":"fr-FR"},{"@type":["Person","Organization"],"@id":"https:\/\/casaroure.com\/fr\/#\/schema\/person\/18c6db1088de05d83b72c0fda51aef6b","name":"David Roure","image":{"@type":"ImageObject","inLanguage":"fr-FR","@id":"https:\/\/casaroure.com\/fr\/#\/schema\/person\/image\/","url":"https:\/\/casaroure.com\/wp-content\/uploads\/2024\/02\/Logo_H600x265.png","contentUrl":"https:\/\/casaroure.com\/wp-content\/uploads\/2024\/02\/Logo_H600x265.png","width":600,"height":265,"caption":"David Roure"},"logo":{"@id":"https:\/\/casaroure.com\/fr\/#\/schema\/person\/image\/"}}]}},"_links":{"self":[{"href":"https:\/\/casaroure.com\/fr\/wp-json\/wp\/v2\/pages\/2472","targetHints":{"allow":["GET"]}}],"collection":[{"href":"https:\/\/casaroure.com\/fr\/wp-json\/wp\/v2\/pages"}],"about":[{"href":"https:\/\/casaroure.com\/fr\/wp-json\/wp\/v2\/types\/page"}],"author":[{"embeddable":true,"href":"https:\/\/casaroure.com\/fr\/wp-json\/wp\/v2\/users\/1"}],"replies":[{"embeddable":true,"href":"https:\/\/casaroure.com\/fr\/wp-json\/wp\/v2\/comments?post=2472"}],"version-history":[{"count":0,"href":"https:\/\/casaroure.com\/fr\/wp-json\/wp\/v2\/pages\/2472\/revisions"}],"wp:attachment":[{"href":"https:\/\/casaroure.com\/fr\/wp-json\/wp\/v2\/media?parent=2472"}],"curies":[{"name":"wp","href":"https:\/\/api.w.org\/{rel}","templated":true}]}}